{"id":1926,"date":"2019-05-08T14:45:15","date_gmt":"2019-05-08T14:45:15","guid":{"rendered":"https:\/\/rolling.rs\/?page_id=1926"},"modified":"2020-05-11T10:57:08","modified_gmt":"2020-05-11T10:57:08","slug":"evolmec","status":"publish","type":"page","link":"http:\/\/rolling.rs\/de\/evolmec\/","title":{"rendered":"EVOLMEC"},"content":{"rendered":"<p>[vc_row][vc_column][vc_single_image image=&#8220;1928&#8243; img_size=&#8220;250&#215;96&#8243; alignment=&#8220;center&#8220; onclick=&#8220;custom_link&#8220; img_link_target=&#8220;_blank&#8220; link=&#8220;https:\/\/evolmec.com\/en\/&#8220;][vc_empty_space][vc_separator][\/vc_column][\/vc_row][vc_row][vc_column width=&#8220;1\/2&#8243;][vc_column_text]EVOLMEC SRL ist in der Lagerindustrie t\u00e4tig und konzentriert sich auf mittlere und gro\u00dfe Standard- und Sonderlager. Es ist ein dynamisches Unternehmen, das im Jahr 2014 aus der Erfahrung seiner Firmenf\u00f6rderer im W\u00e4lzlagergesch\u00e4ft hervorgegangen ist. EVOLMEC SRL ist in der Entwicklung und Konstruktion von W\u00e4lzlagern, speziellen Laufrollen, Lagern f\u00fcr Walzwerke, Radial-Zylinderrollenlagern, Zylinderrollen-Drehringen und W\u00e4lzlagern aus rostfreiem Stahl qualifiziert. Das Design unserer Konstruktionsabteilung und des Produktionsprozesses gew\u00e4hrleisten eine hohe Endqualit\u00e4t, die es EVOLMEC SRL erm\u00f6glicht, auf dem Markt wettbewerbsf\u00e4hig zu sein. EVOLMEC SRL garantiert seine Produkte und ist qualifiziert, visuelle \u00dcberpr\u00fcfungen und Zertifikate f\u00fcr Ger\u00e4te mithilfe von High-Tech-Instrumenten in unserem messtechnischen Labor auszustellen.[\/vc_column_text][\/vc_column][vc_column width=&#8220;1\/2&#8243;][vc_single_image image=&#8220;1929&#8243; img_size=&#8220;full&#8220;][vc_single_image image=&#8220;1927&#8243; img_size=&#8220;full&#8220;][\/vc_column][\/vc_row][vc_row][vc_column][vc_empty_space][\/vc_column][\/vc_row][vc_row][vc_column width=&#8220;1\/3&#8243;][vc_single_image image=&#8220;2552&#8243; img_size=&#8220;300&#215;425&#8243; style=&#8220;vc_box_border&#8220; onclick=&#8220;custom_link&#8220; img_link_target=&#8220;_blank&#8220; link=&#8220;https:\/\/rolling.rs\/wp-content\/uploads\/2019\/07\/EVOLMEC-Bearing_for_rolling_mills.pdf&#8220;][\/vc_column][vc_column width=&#8220;1\/3&#8243;][vc_single_image image=&#8220;2658&#8243; img_size=&#8220;300&#215;425&#8243; style=&#8220;vc_box_border&#8220; onclick=&#8220;custom_link&#8220; img_link_target=&#8220;_blank&#8220; link=&#8220;https:\/\/rolling.rs\/wp-content\/uploads\/2020\/04\/EVOLMEC-ISO-9001-2023-16-Q-0200176-TIC.pdf&#8220;][\/vc_column][vc_column width=&#8220;1\/3&#8243;][vc_single_image image=&#8220;2540&#8243; img_size=&#8220;300&#215;425&#8243; style=&#8220;vc_box_border&#8220; onclick=&#8220;custom_link&#8220; img_link_target=&#8220;_blank&#8220; link=&#8220;https:\/\/rolling.rs\/wp-content\/uploads\/2020\/05\/EVOLMEC_Presentazione_Introduction_ITA-ENG-1.pdf&#8220;][\/vc_column][\/vc_row][vc_row][vc_column width=&#8220;1\/3&#8243;][vc_single_image image=&#8220;2553&#8243; img_size=&#8220;300&#215;425&#8243; style=&#8220;vc_box_border&#8220; onclick=&#8220;custom_link&#8220; img_link_target=&#8220;_blank&#8220; link=&#8220;https:\/\/rolling.rs\/wp-content\/uploads\/2020\/05\/EVOLMEC_Slewing_rings_01.pdf&#8220;][\/vc_column][vc_column width=&#8220;1\/3&#8243;][vc_single_image image=&#8220;2554&#8243; img_size=&#8220;300&#215;425&#8243; style=&#8220;vc_box_border&#8220; onclick=&#8220;custom_link&#8220; img_link_target=&#8220;_blank&#8220; link=&#8220;https:\/\/rolling.rs\/wp-content\/uploads\/2019\/07\/Machine_Tools.pdf&#8220;][\/vc_column][vc_column width=&#8220;1\/3&#8243;][\/vc_column][\/vc_row]<\/p>\n","protected":false},"excerpt":{"rendered":"<p>[vc_row][vc_column][vc_single_image image=&#8220;1928&#8243; img_size=&#8220;250&#215;96&#8243; alignment=&#8220;center&#8220; onclick=&#8220;custom_link&#8220; img_link_target=&#8220;_blank&#8220; link=&#8220;https:\/\/evolmec.com\/en\/&#8220;][vc_empty_space][vc_separator][\/vc_column][\/vc_row][vc_row][vc_column width=&#8220;1\/2&#8243;][vc_column_text]EVOLMEC SRL ist in der Lagerindustrie t\u00e4tig und konzentriert sich auf mittlere und gro\u00dfe Standard- und Sonderlager. Es ist ein dynamisches Unternehmen, das im Jahr 2014 aus der Erfahrung seiner Firmenf\u00f6rderer im W\u00e4lzlagergesch\u00e4ft hervorgegangen ist. EVOLMEC SRL ist in der Entwicklung und Konstruktion von W\u00e4lzlagern, speziellen Laufrollen, Lagern [&hellip;]<\/p>\n","protected":false},"author":1,"featured_media":0,"parent":0,"menu_order":0,"comment_status":"closed","ping_status":"closed","template":"page-template\/blank-page-sidebar.php","meta":{"footnotes":""},"class_list":["post-1926","page","type-page","status-publish","hentry"],"yoast_head":"<!-- This site is optimized with the Yoast SEO plugin v25.8 - https:\/\/yoast.com\/wordpress\/plugins\/seo\/ -->\n<title>EVOLMEC - Kotrljajuci lezajevi-Rolling World<\/title>\n<meta name=\"robots\" content=\"index, follow, max-snippet:-1, max-image-preview:large, max-video-preview:-1\" \/>\n<link rel=\"canonical\" href=\"http:\/\/rolling.rs\/ru\/evolmec\/\" \/>\n<meta property=\"og:locale\" content=\"de_DE\" \/>\n<meta property=\"og:type\" content=\"article\" \/>\n<meta property=\"og:title\" content=\"EVOLMEC - Kotrljajuci lezajevi-Rolling World\" \/>\n<meta property=\"og:description\" content=\"[vc_row][vc_column][vc_single_image image=&#8220;1928&#8243; img_size=&#8220;250&#215;96&#8243; alignment=&#8220;center&#8220; onclick=&#8220;custom_link&#8220; img_link_target=&#8220;_blank&#8220; link=&#8220;https:\/\/evolmec.com\/en\/&#8220;][vc_empty_space][vc_separator][\/vc_column][\/vc_row][vc_row][vc_column width=&#8220;1\/2&#8243;][vc_column_text]EVOLMEC SRL ist in der Lagerindustrie t\u00e4tig und konzentriert sich auf mittlere und gro\u00dfe Standard- und Sonderlager. Es ist ein dynamisches Unternehmen, das im Jahr 2014 aus der Erfahrung seiner Firmenf\u00f6rderer im W\u00e4lzlagergesch\u00e4ft hervorgegangen ist. EVOLMEC SRL ist in der Entwicklung und Konstruktion von W\u00e4lzlagern, speziellen Laufrollen, Lagern [&hellip;]\" \/>\n<meta property=\"og:url\" content=\"http:\/\/rolling.rs\/ru\/evolmec\/\" \/>\n<meta property=\"og:site_name\" content=\"Kotrljajuci lezajevi-Rolling World\" \/>\n<meta property=\"article:modified_time\" content=\"2020-05-11T10:57:08+00:00\" \/>\n<meta name=\"twitter:card\" content=\"summary_large_image\" \/>\n<meta name=\"twitter:label1\" content=\"Gesch\u00e4tzte Lesezeit\" \/>\n\t<meta name=\"twitter:data1\" content=\"2\u00a0Minuten\" \/>\n<script type=\"application\/ld+json\" class=\"yoast-schema-graph\">{\"@context\":\"https:\/\/schema.org\",\"@graph\":[{\"@type\":\"WebPage\",\"@id\":\"http:\/\/rolling.rs\/ru\/evolmec\/\",\"url\":\"http:\/\/rolling.rs\/ru\/evolmec\/\",\"name\":\"EVOLMEC - Kotrljajuci lezajevi-Rolling World\",\"isPartOf\":{\"@id\":\"http:\/\/rolling.rs\/en\/#website\"},\"datePublished\":\"2019-05-08T14:45:15+00:00\",\"dateModified\":\"2020-05-11T10:57:08+00:00\",\"breadcrumb\":{\"@id\":\"http:\/\/rolling.rs\/ru\/evolmec\/#breadcrumb\"},\"inLanguage\":\"de\",\"potentialAction\":[{\"@type\":\"ReadAction\",\"target\":[\"http:\/\/rolling.rs\/ru\/evolmec\/\"]}]},{\"@type\":\"BreadcrumbList\",\"@id\":\"http:\/\/rolling.rs\/ru\/evolmec\/#breadcrumb\",\"itemListElement\":[{\"@type\":\"ListItem\",\"position\":1,\"name\":\"Home\",\"item\":\"http:\/\/rolling.rs\/en\/\"},{\"@type\":\"ListItem\",\"position\":2,\"name\":\"EVOLMEC\"}]},{\"@type\":\"WebSite\",\"@id\":\"http:\/\/rolling.rs\/en\/#website\",\"url\":\"http:\/\/rolling.rs\/en\/\",\"name\":\"Kotrljajuci lezajevi-Rolling World\",\"description\":\"Lezajevi Timken\",\"potentialAction\":[{\"@type\":\"SearchAction\",\"target\":{\"@type\":\"EntryPoint\",\"urlTemplate\":\"http:\/\/rolling.rs\/en\/?s={search_term_string}\"},\"query-input\":{\"@type\":\"PropertyValueSpecification\",\"valueRequired\":true,\"valueName\":\"search_term_string\"}}],\"inLanguage\":\"de\"}]}<\/script>\n<!-- \/ Yoast SEO plugin. -->","yoast_head_json":{"title":"EVOLMEC - Kotrljajuci lezajevi-Rolling World","robots":{"index":"index","follow":"follow","max-snippet":"max-snippet:-1","max-image-preview":"max-image-preview:large","max-video-preview":"max-video-preview:-1"},"canonical":"http:\/\/rolling.rs\/ru\/evolmec\/","og_locale":"de_DE","og_type":"article","og_title":"EVOLMEC - Kotrljajuci lezajevi-Rolling World","og_description":"[vc_row][vc_column][vc_single_image image=&#8220;1928&#8243; img_size=&#8220;250&#215;96&#8243; alignment=&#8220;center&#8220; onclick=&#8220;custom_link&#8220; img_link_target=&#8220;_blank&#8220; link=&#8220;https:\/\/evolmec.com\/en\/&#8220;][vc_empty_space][vc_separator][\/vc_column][\/vc_row][vc_row][vc_column width=&#8220;1\/2&#8243;][vc_column_text]EVOLMEC SRL ist in der Lagerindustrie t\u00e4tig und konzentriert sich auf mittlere und gro\u00dfe Standard- und Sonderlager. Es ist ein dynamisches Unternehmen, das im Jahr 2014 aus der Erfahrung seiner Firmenf\u00f6rderer im W\u00e4lzlagergesch\u00e4ft hervorgegangen ist. EVOLMEC SRL ist in der Entwicklung und Konstruktion von W\u00e4lzlagern, speziellen Laufrollen, Lagern [&hellip;]","og_url":"http:\/\/rolling.rs\/ru\/evolmec\/","og_site_name":"Kotrljajuci lezajevi-Rolling World","article_modified_time":"2020-05-11T10:57:08+00:00","twitter_card":"summary_large_image","twitter_misc":{"Gesch\u00e4tzte Lesezeit":"2\u00a0Minuten"},"schema":{"@context":"https:\/\/schema.org","@graph":[{"@type":"WebPage","@id":"http:\/\/rolling.rs\/ru\/evolmec\/","url":"http:\/\/rolling.rs\/ru\/evolmec\/","name":"EVOLMEC - Kotrljajuci lezajevi-Rolling World","isPartOf":{"@id":"http:\/\/rolling.rs\/en\/#website"},"datePublished":"2019-05-08T14:45:15+00:00","dateModified":"2020-05-11T10:57:08+00:00","breadcrumb":{"@id":"http:\/\/rolling.rs\/ru\/evolmec\/#breadcrumb"},"inLanguage":"de","potentialAction":[{"@type":"ReadAction","target":["http:\/\/rolling.rs\/ru\/evolmec\/"]}]},{"@type":"BreadcrumbList","@id":"http:\/\/rolling.rs\/ru\/evolmec\/#breadcrumb","itemListElement":[{"@type":"ListItem","position":1,"name":"Home","item":"http:\/\/rolling.rs\/en\/"},{"@type":"ListItem","position":2,"name":"EVOLMEC"}]},{"@type":"WebSite","@id":"http:\/\/rolling.rs\/en\/#website","url":"http:\/\/rolling.rs\/en\/","name":"Kotrljajuci lezajevi-Rolling World","description":"Lezajevi Timken","potentialAction":[{"@type":"SearchAction","target":{"@type":"EntryPoint","urlTemplate":"http:\/\/rolling.rs\/en\/?s={search_term_string}"},"query-input":{"@type":"PropertyValueSpecification","valueRequired":true,"valueName":"search_term_string"}}],"inLanguage":"de"}]}},"_links":{"self":[{"href":"http:\/\/rolling.rs\/de\/wp-json\/wp\/v2\/pages\/1926","targetHints":{"allow":["GET"]}}],"collection":[{"href":"http:\/\/rolling.rs\/de\/wp-json\/wp\/v2\/pages"}],"about":[{"href":"http:\/\/rolling.rs\/de\/wp-json\/wp\/v2\/types\/page"}],"author":[{"embeddable":true,"href":"http:\/\/rolling.rs\/de\/wp-json\/wp\/v2\/users\/1"}],"replies":[{"embeddable":true,"href":"http:\/\/rolling.rs\/de\/wp-json\/wp\/v2\/comments?post=1926"}],"version-history":[{"count":22,"href":"http:\/\/rolling.rs\/de\/wp-json\/wp\/v2\/pages\/1926\/revisions"}],"predecessor-version":[{"id":2695,"href":"http:\/\/rolling.rs\/de\/wp-json\/wp\/v2\/pages\/1926\/revisions\/2695"}],"wp:attachment":[{"href":"http:\/\/rolling.rs\/de\/wp-json\/wp\/v2\/media?parent=1926"}],"curies":[{"name":"wp","href":"https:\/\/api.w.org\/{rel}","templated":true}]}}