{"id":1984,"date":"2019-05-08T14:53:56","date_gmt":"2019-05-08T14:53:56","guid":{"rendered":"https:\/\/rolling.rs\/?page_id=1984"},"modified":"2019-07-12T14:35:24","modified_gmt":"2019-07-12T14:35:24","slug":"istorijat","status":"publish","type":"page","link":"http:\/\/rolling.rs\/de\/istorijat\/","title":{"rendered":"Geschichte"},"content":{"rendered":"<p>[vc_row][vc_column width=&#8220;1\/4&#8243;][\/vc_column][vc_column width=&#8220;3\/4&#8243;][vc_empty_space][vc_column_text]<\/p>\n<h4 style=\"text-align: left;\">Auf dieser Seite erfolgt die Zusammenfassung der Geschichte von Rolling World<\/h4>\n<p>&nbsp;<\/p>\n<div class=\"wpb_text_column wpb_content_element wpb_animate_when_almost_visible wpb_fadeInUp fadeInUp wpb_start_animation animated\">\n<div class=\"technical-solutions\">\n<ul>\n<li>Gegr\u00fcndet im Jahre 1991<\/li>\n<li>Im 1998 Rolling World wird zum autorisierten Vertragsh\u00e4ndler von\u00a0<a href=\"http:\/\/www.skf.com\/\">SKF<\/a><\/li>\n<li>Im 2001 Rolling World ist bis heute der gr\u00f6\u00dfte Industrieh\u00e4ndler von SKF auf dem inl\u00e4ndischen Markt<\/li>\n<li>Im 2003 Rolling World wird zum autorisierten H\u00e4ndler von\u00a0<a href=\"http:\/\/www.timken.com\/\">TIMKEN<\/a><\/li>\n<li>Im 2001 erhielten wir Qualit\u00e4tszeichen der Elektrowirtschaft Serbiens<\/li>\n<li>Im 2003 erhielten wir Qualit\u00e4tszertifikat ISO 9001<\/li>\n<li>Im 2003 erhielten wir st\u00e4ndiges Qualit\u00e4tszeichen der EPS (EPS Nr.: 9491)<\/li>\n<li>Im 2008 wurden wir\u00a0<a href=\"http:\/\/www.skf.com\/portal\/skf\/home\/services?contentId=776851\">SKF Certified Maintenence Partrner<\/a>\u00a0(CMP)<\/li>\n<li>Im 2009 Gr\u00fcndung von\u00a0<a href=\"http:\/\/www.rwlab.rs\/\">RWLab-Labor f\u00fcr Vibrodiiagnostik (Schwingungsdiagnostik)<\/a><\/li>\n<li>Im 2009 wurden wir autorisierter H\u00e4ndler der Pumpenfabrik Jastrebac (<a href=\"http:\/\/www.jastrebac.co.rs\/\">Fabrika pumpi Jastrebac<\/a>)<\/li>\n<li>Im 2010 erhielten wir Akkreditation des Labors nach Anforderungen des Standards ISO 17025<\/li>\n<li>2014 wurde exklusiver Distributor des litauischen Herstellers CRAFT Bearings<\/li>\n<li>2018 wurde exklusiver Distributor des italienischen Herstellers EVOLMEC<\/li>\n<li>2019 schl\u00fcrfen wir einen exklusiven Distributor von BELZONA Polymerics LTD, einem Komponisten aus England<\/li>\n<\/ul>\n<\/div>\n<\/div>\n<p>[\/vc_column_text][\/vc_column][\/vc_row]<\/p>\n","protected":false},"excerpt":{"rendered":"<p>[vc_row][vc_column width=&#8220;1\/4&#8243;][\/vc_column][vc_column width=&#8220;3\/4&#8243;][vc_empty_space][vc_column_text] Auf dieser Seite erfolgt die Zusammenfassung der Geschichte von Rolling World &nbsp; Gegr\u00fcndet im Jahre 1991 Im 1998 Rolling World wird zum autorisierten Vertragsh\u00e4ndler von\u00a0SKF Im 2001 Rolling World ist bis heute der gr\u00f6\u00dfte Industrieh\u00e4ndler von SKF auf dem inl\u00e4ndischen Markt Im 2003 Rolling World wird zum autorisierten H\u00e4ndler von\u00a0TIMKEN Im 2001 [&hellip;]<\/p>\n","protected":false},"author":1,"featured_media":0,"parent":0,"menu_order":0,"comment_status":"closed","ping_status":"closed","template":"page-template\/blank-page-sidebar.php","meta":{"footnotes":""},"class_list":["post-1984","page","type-page","status-publish","hentry"],"yoast_head":"<!-- This site is optimized with the Yoast SEO plugin v25.8 - https:\/\/yoast.com\/wordpress\/plugins\/seo\/ -->\n<title>Geschichte - Kotrljajuci lezajevi-Rolling World<\/title>\n<meta name=\"robots\" content=\"index, follow, max-snippet:-1, max-image-preview:large, max-video-preview:-1\" \/>\n<link rel=\"canonical\" href=\"https:\/\/rolling.rs\/en\/istorijat\/\" \/>\n<meta property=\"og:locale\" content=\"de_DE\" \/>\n<meta property=\"og:type\" content=\"article\" \/>\n<meta property=\"og:title\" content=\"Geschichte - Kotrljajuci lezajevi-Rolling World\" \/>\n<meta property=\"og:description\" content=\"[vc_row][vc_column width=&#8220;1\/4&#8243;][\/vc_column][vc_column width=&#8220;3\/4&#8243;][vc_empty_space][vc_column_text] Auf dieser Seite erfolgt die Zusammenfassung der Geschichte von Rolling World &nbsp; Gegr\u00fcndet im Jahre 1991 Im 1998 Rolling World wird zum autorisierten Vertragsh\u00e4ndler von\u00a0SKF Im 2001 Rolling World ist bis heute der gr\u00f6\u00dfte Industrieh\u00e4ndler von SKF auf dem inl\u00e4ndischen Markt Im 2003 Rolling World wird zum autorisierten H\u00e4ndler von\u00a0TIMKEN Im 2001 [&hellip;]\" \/>\n<meta property=\"og:url\" content=\"https:\/\/rolling.rs\/en\/istorijat\/\" \/>\n<meta property=\"og:site_name\" content=\"Kotrljajuci lezajevi-Rolling World\" \/>\n<meta property=\"article:modified_time\" content=\"2019-07-12T14:35:24+00:00\" \/>\n<meta name=\"twitter:card\" content=\"summary_large_image\" \/>\n<meta name=\"twitter:label1\" content=\"Gesch\u00e4tzte Lesezeit\" \/>\n\t<meta name=\"twitter:data1\" content=\"1\u00a0Minute\" \/>\n<script type=\"application\/ld+json\" class=\"yoast-schema-graph\">{\"@context\":\"https:\/\/schema.org\",\"@graph\":[{\"@type\":\"WebPage\",\"@id\":\"https:\/\/rolling.rs\/en\/istorijat\/\",\"url\":\"https:\/\/rolling.rs\/en\/istorijat\/\",\"name\":\"Geschichte - Kotrljajuci lezajevi-Rolling World\",\"isPartOf\":{\"@id\":\"http:\/\/rolling.rs\/en\/#website\"},\"datePublished\":\"2019-05-08T14:53:56+00:00\",\"dateModified\":\"2019-07-12T14:35:24+00:00\",\"breadcrumb\":{\"@id\":\"https:\/\/rolling.rs\/en\/istorijat\/#breadcrumb\"},\"inLanguage\":\"de\",\"potentialAction\":[{\"@type\":\"ReadAction\",\"target\":[\"https:\/\/rolling.rs\/en\/istorijat\/\"]}]},{\"@type\":\"BreadcrumbList\",\"@id\":\"https:\/\/rolling.rs\/en\/istorijat\/#breadcrumb\",\"itemListElement\":[{\"@type\":\"ListItem\",\"position\":1,\"name\":\"Home\",\"item\":\"http:\/\/rolling.rs\/en\/\"},{\"@type\":\"ListItem\",\"position\":2,\"name\":\"History\"}]},{\"@type\":\"WebSite\",\"@id\":\"http:\/\/rolling.rs\/en\/#website\",\"url\":\"http:\/\/rolling.rs\/en\/\",\"name\":\"Kotrljajuci lezajevi-Rolling World\",\"description\":\"Lezajevi Timken\",\"potentialAction\":[{\"@type\":\"SearchAction\",\"target\":{\"@type\":\"EntryPoint\",\"urlTemplate\":\"http:\/\/rolling.rs\/en\/?s={search_term_string}\"},\"query-input\":{\"@type\":\"PropertyValueSpecification\",\"valueRequired\":true,\"valueName\":\"search_term_string\"}}],\"inLanguage\":\"de\"}]}<\/script>\n<!-- \/ Yoast SEO plugin. -->","yoast_head_json":{"title":"Geschichte - Kotrljajuci lezajevi-Rolling World","robots":{"index":"index","follow":"follow","max-snippet":"max-snippet:-1","max-image-preview":"max-image-preview:large","max-video-preview":"max-video-preview:-1"},"canonical":"https:\/\/rolling.rs\/en\/istorijat\/","og_locale":"de_DE","og_type":"article","og_title":"Geschichte - Kotrljajuci lezajevi-Rolling World","og_description":"[vc_row][vc_column width=&#8220;1\/4&#8243;][\/vc_column][vc_column width=&#8220;3\/4&#8243;][vc_empty_space][vc_column_text] Auf dieser Seite erfolgt die Zusammenfassung der Geschichte von Rolling World &nbsp; Gegr\u00fcndet im Jahre 1991 Im 1998 Rolling World wird zum autorisierten Vertragsh\u00e4ndler von\u00a0SKF Im 2001 Rolling World ist bis heute der gr\u00f6\u00dfte Industrieh\u00e4ndler von SKF auf dem inl\u00e4ndischen Markt Im 2003 Rolling World wird zum autorisierten H\u00e4ndler von\u00a0TIMKEN Im 2001 [&hellip;]","og_url":"https:\/\/rolling.rs\/en\/istorijat\/","og_site_name":"Kotrljajuci lezajevi-Rolling World","article_modified_time":"2019-07-12T14:35:24+00:00","twitter_card":"summary_large_image","twitter_misc":{"Gesch\u00e4tzte Lesezeit":"1\u00a0Minute"},"schema":{"@context":"https:\/\/schema.org","@graph":[{"@type":"WebPage","@id":"https:\/\/rolling.rs\/en\/istorijat\/","url":"https:\/\/rolling.rs\/en\/istorijat\/","name":"Geschichte - Kotrljajuci lezajevi-Rolling World","isPartOf":{"@id":"http:\/\/rolling.rs\/en\/#website"},"datePublished":"2019-05-08T14:53:56+00:00","dateModified":"2019-07-12T14:35:24+00:00","breadcrumb":{"@id":"https:\/\/rolling.rs\/en\/istorijat\/#breadcrumb"},"inLanguage":"de","potentialAction":[{"@type":"ReadAction","target":["https:\/\/rolling.rs\/en\/istorijat\/"]}]},{"@type":"BreadcrumbList","@id":"https:\/\/rolling.rs\/en\/istorijat\/#breadcrumb","itemListElement":[{"@type":"ListItem","position":1,"name":"Home","item":"http:\/\/rolling.rs\/en\/"},{"@type":"ListItem","position":2,"name":"History"}]},{"@type":"WebSite","@id":"http:\/\/rolling.rs\/en\/#website","url":"http:\/\/rolling.rs\/en\/","name":"Kotrljajuci lezajevi-Rolling World","description":"Lezajevi Timken","potentialAction":[{"@type":"SearchAction","target":{"@type":"EntryPoint","urlTemplate":"http:\/\/rolling.rs\/en\/?s={search_term_string}"},"query-input":{"@type":"PropertyValueSpecification","valueRequired":true,"valueName":"search_term_string"}}],"inLanguage":"de"}]}},"_links":{"self":[{"href":"http:\/\/rolling.rs\/de\/wp-json\/wp\/v2\/pages\/1984","targetHints":{"allow":["GET"]}}],"collection":[{"href":"http:\/\/rolling.rs\/de\/wp-json\/wp\/v2\/pages"}],"about":[{"href":"http:\/\/rolling.rs\/de\/wp-json\/wp\/v2\/types\/page"}],"author":[{"embeddable":true,"href":"http:\/\/rolling.rs\/de\/wp-json\/wp\/v2\/users\/1"}],"replies":[{"embeddable":true,"href":"http:\/\/rolling.rs\/de\/wp-json\/wp\/v2\/comments?post=1984"}],"version-history":[{"count":14,"href":"http:\/\/rolling.rs\/de\/wp-json\/wp\/v2\/pages\/1984\/revisions"}],"predecessor-version":[{"id":2524,"href":"http:\/\/rolling.rs\/de\/wp-json\/wp\/v2\/pages\/1984\/revisions\/2524"}],"wp:attachment":[{"href":"http:\/\/rolling.rs\/de\/wp-json\/wp\/v2\/media?parent=1984"}],"curies":[{"name":"wp","href":"https:\/\/api.w.org\/{rel}","templated":true}]}}