{"id":2028,"date":"2019-05-08T15:01:49","date_gmt":"2019-05-08T15:01:49","guid":{"rendered":"https:\/\/rolling.rs\/?page_id=2028"},"modified":"2020-04-20T12:44:12","modified_gmt":"2020-04-20T12:44:12","slug":"kvalitet","status":"publish","type":"page","link":"http:\/\/rolling.rs\/de\/kvalitet\/","title":{"rendered":"Qualit\u00e4t"},"content":{"rendered":"<p>[vc_row][vc_column][vc_empty_space height=&#8220;52px&#8220;][\/vc_column][\/vc_row][vc_row][vc_column][vc_single_image image=&#8220;2402&#8243; img_size=&#8220;full&#8220; alignment=&#8220;center&#8220;][vc_column_text]<\/p>\n<h3>Der Auftrag<\/h3>\n<p>[\/vc_column_text][vc_column_text]Das Unternehmen Rolling World existiert, um seinen Kunden hochwertige Produkte der bekanntesten Hersteller unter g\u00fcnstigsten Marktbedingungen zu gew\u00e4hrleisten. In unserer Gesch\u00e4ftst\u00e4tigkeit benutzen wir die modernen Methoden und Verfahren, was uns rationelle Nutzung von menschlichen und technischen Ressourcen erm\u00f6glicht, womit wir h\u00f6here Effizienz, Wirtschaftlichkeit und Leistungsf\u00e4higkeit erreichen.\u2028Der Auftrag von Rolling World besteht nicht nur im Verkauf von Produkten f\u00fcr die Industrie, sondern in der Information und Edukation der Kunden. Dieser Aufgabe wird gro\u00dfe Aufmerksamkeit in Rolling World geschenkt, und in der Praxis wird sie durch Pr\u00e4sentationen, direkte Kontakte mit Kunden oder \u00fcber Web-Site und elektronische Post durchgef\u00fchrt. Durch das Labor f\u00fcr Schwingungsdiagnostik w\u00fcnscht die Firma Rolling World ihren Kunden einen zus\u00e4tzlichen Wert zu leisten, durch \u00dcberwachung des Zustandes ihrer Ausr\u00fcstung, Beratung zwecks Erreichen und Dokumentieren von Einsparungen. Die T\u00e4tigekit des Labors f\u00fcr Schwingungsdiagnostik unterst\u00fctzen wir durch Dienstleistungen aus dem Bereich der Thermovision, Auswuchten von Drehs\u00e4tze und Laser-Zentrierung.\u00a0Zufriedene Kunden, zufriedene Besch\u00e4ftigte \u2013 das ist der Auftrag von Rolling World.[\/vc_column_text][\/vc_column][\/vc_row][vc_row][vc_column][vc_column_text]<\/p>\n<h3><strong>Die Vision<\/strong><\/h3>\n<p>[\/vc_column_text][vc_single_image image=&#8220;2407&#8243; img_size=&#8220;full&#8220; alignment=&#8220;center&#8220;][vc_column_text]Die Vision der Firma Rolling World ist es, mit ihren Ergebnissen in der quantitativen und qualitativen Hinsicht, die hohe Stellung in ihrem Gebiet zu erhalten und zu f\u00f6rdern. Seit ihrer Gr\u00fcndung wurden in Rolling World hohe Kriterien in der Gesch\u00e4ftst\u00e4tigkeit gesetzt. Als Distributor der gr\u00f6\u00dften Weltfirmen aus dem Bereich Industrielagerungen und \u00e4hnlicher Produkte \u2013 SKF und TIMKEN, sowie SKF CMP1-Partner, mu\u00dfte Rolling World moderne Gesch\u00e4ftsmethoden annehmen. Das erforderte ein hohes Mass an Engagement aller Besch\u00e4ftigten, aber nat\u00fcrlich sind die Ergebnisse nicht ausgeblieben. Heute ist Rolling World einer der erfolgreichsten Verk\u00e4ufer der Lager in Serbien.<br \/>\nWir sind der Tatsache bewu\u00dft, da\u00df die Grundlage einer jeder Organisation die Besch\u00e4ftigten sind, so da\u00df wir gro\u00dfe Aufmerksamkeit der Ausbildung und den Arbeitsbedingungen schenken. Die Zufriedenheit der Besch\u00e4ftigten ist sehr wichtig, denn nur das zufriedene Personal kann immer gr\u00f6ssere Marktanforderungen erf\u00fcllen.<br \/>\nDie Firma Rolling World investiert in Marketing, Pr\u00e4sentationen, Personal und Ausr\u00fcstung damit sie den Stand der Weltfirmen aus Ihrer Bransche erreicht. Der Markt sieht heute so aus, da\u00df, wenn man nicht vorw\u00e4rts geht, bleibt man nicht stehen, sondern im Vergleich mit Konkurenz geht man zur\u00fcck.<br \/>\nDeshalb verbessern und bef\u00f6rdern wir unsere Dienstleistungen \u2013 wir gehen vorw\u00e4rts.<br \/>\nWir sind eines der f\u00fchrenden Unternehmen im Verkauf der Lager und wir tun alles da\u00df es in der kommenden Zeit so bleibt. Unsere Vision ist es, die f\u00fchrende Position im Verkauf der Lager beizubehalten und dadurch auch im Verkauf der Produkte f\u00fcr kompleten Drehbausatz f\u00fchrend zu werden, sowie durch Einlage in die Ausr\u00fcstung und Personal der Leader im Bereich der Vibrodiagnostik zu werden.[\/vc_column_text][\/vc_column][\/vc_row][vc_row][vc_column][vc_single_image image=&#8220;2402&#8243; img_size=&#8220;full&#8220; alignment=&#8220;center&#8220;][vc_column_text]<\/p>\n<h3><strong>Politik der Qualit\u00e4t<\/strong><\/h3>\n<p>[\/vc_column_text][vc_column_text]Die Politik von Rolling World ist es, die Anforderungen und Erwartungen durch Sicherstellung eines \u00e4u\u00dferst hohen Masses an Qualit\u00e4t der Dienstleistungen sowie der konkurenzf\u00e4hige Produktpreise nach Anforderungen der Kunden voll zu erf\u00fcllen. \u2028Das erreicht man durch:<\/p>\n<ol>\n<li>Festlegung des Qualit\u00e4tmanagementsystems, einschlie\u00dflich der Verfahren auf allen Ebenen und gem\u00e4\u00df der Norm SRPS ISO 9001:2008.<\/li>\n<li>Sicherstellung, da\u00df die vereinbarte Qualit\u00e4t der Produkte und der Dienstleistungen die Anforderungen der Kunden sowie entsprechende nationale und internationale Vorschriften und Standarde erf\u00fcllt.<\/li>\n<li>Sicherstellung, da\u00df die Dienstleistungen den Anforderungen der Kunden entsprechen, einschlie\u00dflich \u00dcbereinstimmung mit Anforderungen, Lieferzeit, Zuverl\u00e4ssigkeit, Funktionsf\u00e4higkeit, Sicherheit und \u00c4sthetik.<\/li>\n<li>Sicherstellung, da\u00df die Besch\u00e4ftigten auf allen Ebenen der Organisation, ihre Rolle im System kennen, und da\u00df sie alles m\u00f6gliche vornehmen, da\u00df die Gesch\u00e4ftsprozesse erfolgreich durchgef\u00fchrt werden.<\/li>\n<li>Durchf\u00fchrung regelm\u00e4\u00dfiger Kontrollen zwecks Einsichtsnahme in die Effizienz des Qualit\u00e4tsmanage-mentsystems sowie Ausf\u00fchrung von Korrekturma\u00dfnahmen zur Beseitigung aller Unstimmigkeiten.<\/li>\n<\/ol>\n<p>[\/vc_column_text][vc_single_image image=&#8220;2405&#8243; img_size=&#8220;full&#8220; alignment=&#8220;center&#8220;][vc_column_text]<\/p>\n<h3><strong>Die Ziele der Qualit\u00e4t<\/strong><\/h3>\n<p>[\/vc_column_text][vc_column_text]Zur Realisierung des Endziels \u2013 zufriedener Kunde \u2013 werden folgende unmittelbare Ziele festgelegt:<\/p>\n<ol>\n<li>\n<ol>\n<li>Erbringung von Lieferleistungen der vereinbarten Produkte an die Kunden nach spezifizierten Anforderungen, festgelegten Bedarf und Erwartungen der Kunden.<\/li>\n<li>Effiziente Anwendung und Zertifizierung des Qualit\u00e4tsmanagementsystems nach SRPS ISO 9001 um Vertrauen der Kunden zu erreichen, da\u00df alle festgelegten Anforderungen erf\u00fcllt werden.<\/li>\n<li>Sicherstellung der Schl\u00fcsselinformationen zur F\u00f6rderung der Dienstleistungen auf Grund der Messungen und Verfolgung der Zufriedenheit der Kunden. \u2028Im Laufe der Prozessrealisierung werden Parameter betreffend die Qualit\u00e4t der Dienstleistung gemessen, womit die Angaben ermittelt werden und die Analyse derselben betreffend Performancen des Qualit\u00e4tsmanagementsystems erm\u00f6glicht wird.<\/li>\n<li>St\u00e4ndige F\u00f6rderung der Qualit\u00e4t der Dienstleistungen.<\/li>\n<\/ol>\n<\/li>\n<\/ol>\n<p>[\/vc_column_text][\/vc_column][\/vc_row]<\/p>\n","protected":false},"excerpt":{"rendered":"<p>[vc_row][vc_column][vc_empty_space height=&#8220;52px&#8220;][\/vc_column][\/vc_row][vc_row][vc_column][vc_single_image image=&#8220;2402&#8243; img_size=&#8220;full&#8220; alignment=&#8220;center&#8220;][vc_column_text] Der Auftrag [\/vc_column_text][vc_column_text]Das Unternehmen Rolling World existiert, um seinen Kunden hochwertige Produkte der bekanntesten Hersteller unter g\u00fcnstigsten Marktbedingungen zu gew\u00e4hrleisten. In unserer Gesch\u00e4ftst\u00e4tigkeit benutzen wir die modernen Methoden und Verfahren, was uns rationelle Nutzung von menschlichen und technischen Ressourcen erm\u00f6glicht, womit wir h\u00f6here Effizienz, Wirtschaftlichkeit und Leistungsf\u00e4higkeit erreichen.\u2028Der Auftrag von [&hellip;]<\/p>\n","protected":false},"author":1,"featured_media":0,"parent":0,"menu_order":0,"comment_status":"closed","ping_status":"closed","template":"page-template\/blank-page-sidebar.php","meta":{"footnotes":""},"class_list":["post-2028","page","type-page","status-publish","hentry"],"yoast_head":"<!-- This site is optimized with the Yoast SEO plugin v25.8 - https:\/\/yoast.com\/wordpress\/plugins\/seo\/ -->\n<title>Qualit\u00e4t - Kotrljajuci lezajevi-Rolling World<\/title>\n<meta name=\"robots\" content=\"index, follow, max-snippet:-1, max-image-preview:large, max-video-preview:-1\" \/>\n<link rel=\"canonical\" href=\"https:\/\/rolling.rs\/ru\/kvalitet\/\" \/>\n<meta property=\"og:locale\" content=\"de_DE\" \/>\n<meta property=\"og:type\" content=\"article\" \/>\n<meta property=\"og:title\" content=\"Qualit\u00e4t - Kotrljajuci lezajevi-Rolling World\" \/>\n<meta property=\"og:description\" content=\"[vc_row][vc_column][vc_empty_space height=&#8220;52px&#8220;][\/vc_column][\/vc_row][vc_row][vc_column][vc_single_image image=&#8220;2402&#8243; img_size=&#8220;full&#8220; alignment=&#8220;center&#8220;][vc_column_text] Der Auftrag [\/vc_column_text][vc_column_text]Das Unternehmen Rolling World existiert, um seinen Kunden hochwertige Produkte der bekanntesten Hersteller unter g\u00fcnstigsten Marktbedingungen zu gew\u00e4hrleisten. In unserer Gesch\u00e4ftst\u00e4tigkeit benutzen wir die modernen Methoden und Verfahren, was uns rationelle Nutzung von menschlichen und technischen Ressourcen erm\u00f6glicht, womit wir h\u00f6here Effizienz, Wirtschaftlichkeit und Leistungsf\u00e4higkeit erreichen.\u2028Der Auftrag von [&hellip;]\" \/>\n<meta property=\"og:url\" content=\"https:\/\/rolling.rs\/ru\/kvalitet\/\" \/>\n<meta property=\"og:site_name\" content=\"Kotrljajuci lezajevi-Rolling World\" \/>\n<meta property=\"article:modified_time\" content=\"2020-04-20T12:44:12+00:00\" \/>\n<meta name=\"twitter:card\" content=\"summary_large_image\" \/>\n<meta name=\"twitter:label1\" content=\"Gesch\u00e4tzte Lesezeit\" \/>\n\t<meta name=\"twitter:data1\" content=\"4\u00a0Minuten\" \/>\n<script type=\"application\/ld+json\" class=\"yoast-schema-graph\">{\"@context\":\"https:\/\/schema.org\",\"@graph\":[{\"@type\":\"WebPage\",\"@id\":\"https:\/\/rolling.rs\/ru\/kvalitet\/\",\"url\":\"https:\/\/rolling.rs\/ru\/kvalitet\/\",\"name\":\"Qualit\u00e4t - Kotrljajuci lezajevi-Rolling World\",\"isPartOf\":{\"@id\":\"http:\/\/rolling.rs\/en\/#website\"},\"datePublished\":\"2019-05-08T15:01:49+00:00\",\"dateModified\":\"2020-04-20T12:44:12+00:00\",\"breadcrumb\":{\"@id\":\"https:\/\/rolling.rs\/ru\/kvalitet\/#breadcrumb\"},\"inLanguage\":\"de\",\"potentialAction\":[{\"@type\":\"ReadAction\",\"target\":[\"https:\/\/rolling.rs\/ru\/kvalitet\/\"]}]},{\"@type\":\"BreadcrumbList\",\"@id\":\"https:\/\/rolling.rs\/ru\/kvalitet\/#breadcrumb\",\"itemListElement\":[{\"@type\":\"ListItem\",\"position\":1,\"name\":\"Home\",\"item\":\"http:\/\/rolling.rs\/en\/\"},{\"@type\":\"ListItem\",\"position\":2,\"name\":\"K\u0430\u0447\u0435\u0441\u0442\u0432\u043e\"}]},{\"@type\":\"WebSite\",\"@id\":\"http:\/\/rolling.rs\/en\/#website\",\"url\":\"http:\/\/rolling.rs\/en\/\",\"name\":\"Kotrljajuci lezajevi-Rolling World\",\"description\":\"Lezajevi Timken\",\"potentialAction\":[{\"@type\":\"SearchAction\",\"target\":{\"@type\":\"EntryPoint\",\"urlTemplate\":\"http:\/\/rolling.rs\/en\/?s={search_term_string}\"},\"query-input\":{\"@type\":\"PropertyValueSpecification\",\"valueRequired\":true,\"valueName\":\"search_term_string\"}}],\"inLanguage\":\"de\"}]}<\/script>\n<!-- \/ Yoast SEO plugin. -->","yoast_head_json":{"title":"Qualit\u00e4t - Kotrljajuci lezajevi-Rolling World","robots":{"index":"index","follow":"follow","max-snippet":"max-snippet:-1","max-image-preview":"max-image-preview:large","max-video-preview":"max-video-preview:-1"},"canonical":"https:\/\/rolling.rs\/ru\/kvalitet\/","og_locale":"de_DE","og_type":"article","og_title":"Qualit\u00e4t - Kotrljajuci lezajevi-Rolling World","og_description":"[vc_row][vc_column][vc_empty_space height=&#8220;52px&#8220;][\/vc_column][\/vc_row][vc_row][vc_column][vc_single_image image=&#8220;2402&#8243; img_size=&#8220;full&#8220; alignment=&#8220;center&#8220;][vc_column_text] Der Auftrag [\/vc_column_text][vc_column_text]Das Unternehmen Rolling World existiert, um seinen Kunden hochwertige Produkte der bekanntesten Hersteller unter g\u00fcnstigsten Marktbedingungen zu gew\u00e4hrleisten. In unserer Gesch\u00e4ftst\u00e4tigkeit benutzen wir die modernen Methoden und Verfahren, was uns rationelle Nutzung von menschlichen und technischen Ressourcen erm\u00f6glicht, womit wir h\u00f6here Effizienz, Wirtschaftlichkeit und Leistungsf\u00e4higkeit erreichen.\u2028Der Auftrag von [&hellip;]","og_url":"https:\/\/rolling.rs\/ru\/kvalitet\/","og_site_name":"Kotrljajuci lezajevi-Rolling World","article_modified_time":"2020-04-20T12:44:12+00:00","twitter_card":"summary_large_image","twitter_misc":{"Gesch\u00e4tzte Lesezeit":"4\u00a0Minuten"},"schema":{"@context":"https:\/\/schema.org","@graph":[{"@type":"WebPage","@id":"https:\/\/rolling.rs\/ru\/kvalitet\/","url":"https:\/\/rolling.rs\/ru\/kvalitet\/","name":"Qualit\u00e4t - Kotrljajuci lezajevi-Rolling World","isPartOf":{"@id":"http:\/\/rolling.rs\/en\/#website"},"datePublished":"2019-05-08T15:01:49+00:00","dateModified":"2020-04-20T12:44:12+00:00","breadcrumb":{"@id":"https:\/\/rolling.rs\/ru\/kvalitet\/#breadcrumb"},"inLanguage":"de","potentialAction":[{"@type":"ReadAction","target":["https:\/\/rolling.rs\/ru\/kvalitet\/"]}]},{"@type":"BreadcrumbList","@id":"https:\/\/rolling.rs\/ru\/kvalitet\/#breadcrumb","itemListElement":[{"@type":"ListItem","position":1,"name":"Home","item":"http:\/\/rolling.rs\/en\/"},{"@type":"ListItem","position":2,"name":"K\u0430\u0447\u0435\u0441\u0442\u0432\u043e"}]},{"@type":"WebSite","@id":"http:\/\/rolling.rs\/en\/#website","url":"http:\/\/rolling.rs\/en\/","name":"Kotrljajuci lezajevi-Rolling World","description":"Lezajevi Timken","potentialAction":[{"@type":"SearchAction","target":{"@type":"EntryPoint","urlTemplate":"http:\/\/rolling.rs\/en\/?s={search_term_string}"},"query-input":{"@type":"PropertyValueSpecification","valueRequired":true,"valueName":"search_term_string"}}],"inLanguage":"de"}]}},"_links":{"self":[{"href":"http:\/\/rolling.rs\/de\/wp-json\/wp\/v2\/pages\/2028","targetHints":{"allow":["GET"]}}],"collection":[{"href":"http:\/\/rolling.rs\/de\/wp-json\/wp\/v2\/pages"}],"about":[{"href":"http:\/\/rolling.rs\/de\/wp-json\/wp\/v2\/types\/page"}],"author":[{"embeddable":true,"href":"http:\/\/rolling.rs\/de\/wp-json\/wp\/v2\/users\/1"}],"replies":[{"embeddable":true,"href":"http:\/\/rolling.rs\/de\/wp-json\/wp\/v2\/comments?post=2028"}],"version-history":[{"count":18,"href":"http:\/\/rolling.rs\/de\/wp-json\/wp\/v2\/pages\/2028\/revisions"}],"predecessor-version":[{"id":2656,"href":"http:\/\/rolling.rs\/de\/wp-json\/wp\/v2\/pages\/2028\/revisions\/2656"}],"wp:attachment":[{"href":"http:\/\/rolling.rs\/de\/wp-json\/wp\/v2\/media?parent=2028"}],"curies":[{"name":"wp","href":"https:\/\/api.w.org\/{rel}","templated":true}]}}