{"id":2057,"date":"2019-05-08T15:21:16","date_gmt":"2019-05-08T15:21:16","guid":{"rendered":"https:\/\/rolling.rs\/?page_id=2057"},"modified":"2019-05-08T15:43:40","modified_gmt":"2019-05-08T15:43:40","slug":"usluge","status":"publish","type":"page","link":"http:\/\/rolling.rs\/de\/usluge\/","title":{"rendered":"Dienstleistungen"},"content":{"rendered":"<p>[vc_row][vc_column][vc_empty_space height=&#8220;52px&#8220;][\/vc_column][\/vc_row][vc_row][vc_column][vc_column_text]Die modernen Anforderungen der Gesch\u00e4ftst\u00e4tigkeit erfordern, da\u00df die Produkte, die der Lieferant dem Kunden anbietet, mit zus\u00e4tzlichen Werten erg\u00e4nzt werden m\u00fcssen. Wir in Rolling World wissen, da\u00df der Wert und der Preis des Produktes nicht gleich sind. Eine Reihe von zus\u00e4tzlichen Dienstleistungen, die wir unseren Kunden anbieten verleihen den Produkten aus unserem Angebot Mehrwert, erh\u00f6hen die Zuverl\u00e4ssigkeit des Produktions-systems und erleichten die Arbeit den Beschaffungs- und Wartungsdiensten.<\/p>\n<div id=\"attachment_432\" class=\"wp-caption alignright\"><\/div>\n<p>[\/vc_column_text][\/vc_column][\/vc_row][vc_row][vc_column width=&#8220;1\/2&#8243;][vc_column_text]Wir k\u00f6nnen Ihnen folgende T\u00e4tigkeiten anbieten:<\/p>\n<ul>\n<li>Lagermapping und Sistematisation der Produktbezeichnungen<\/li>\n<li>Vorratsoptimierung, Konsignation, Lagerhaltung der kritischen Produkte (Teile)<\/li>\n<li>Berechnung und Auswahl der entsprechenden Ausr\u00fcstungsteils aus unserem Lieferprogramm<\/li>\n<li>Organisation der Schulungen aus verschiedenen Bereichen der Instandhaltung der Rotationsausr\u00fcstung<\/li>\n<li>Laser-Justierung der Ausr\u00fcstungsgeometrie (Zentrieren von Achsen und Riemenscheiben)<\/li>\n<li>Schwingungsdiagnostik und ordentliche Instandhaltung der Ausr\u00fcstung<\/li>\n<li>Thermomechanische Analysen<\/li>\n<li>Schnelle \u00d6lanalyse<\/li>\n<\/ul>\n<p>[\/vc_column_text][\/vc_column][vc_column width=&#8220;1\/2&#8243;][vc_single_image image=&#8220;1964&#8243; img_size=&#8220;full&#8220; alignment=&#8220;center&#8220;][\/vc_column][\/vc_row]<\/p>\n","protected":false},"excerpt":{"rendered":"<p>[vc_row][vc_column][vc_empty_space height=&#8220;52px&#8220;][\/vc_column][\/vc_row][vc_row][vc_column][vc_column_text]Die modernen Anforderungen der Gesch\u00e4ftst\u00e4tigkeit erfordern, da\u00df die Produkte, die der Lieferant dem Kunden anbietet, mit zus\u00e4tzlichen Werten erg\u00e4nzt werden m\u00fcssen. Wir in Rolling World wissen, da\u00df der Wert und der Preis des Produktes nicht gleich sind. Eine Reihe von zus\u00e4tzlichen Dienstleistungen, die wir unseren Kunden anbieten verleihen den Produkten aus unserem Angebot Mehrwert, [&hellip;]<\/p>\n","protected":false},"author":1,"featured_media":0,"parent":0,"menu_order":0,"comment_status":"closed","ping_status":"closed","template":"page-template\/blank-page-sidebar.php","meta":{"footnotes":""},"class_list":["post-2057","page","type-page","status-publish","hentry"],"yoast_head":"<!-- This site is optimized with the Yoast SEO plugin v25.8 - https:\/\/yoast.com\/wordpress\/plugins\/seo\/ -->\n<title>Dienstleistungen - Kotrljajuci lezajevi-Rolling World<\/title>\n<meta name=\"robots\" content=\"index, follow, max-snippet:-1, max-image-preview:large, max-video-preview:-1\" \/>\n<link rel=\"canonical\" href=\"https:\/\/rolling.rs\/en\/usluge\/\" \/>\n<meta property=\"og:locale\" content=\"de_DE\" \/>\n<meta property=\"og:type\" content=\"article\" \/>\n<meta property=\"og:title\" content=\"Dienstleistungen - Kotrljajuci lezajevi-Rolling World\" \/>\n<meta property=\"og:description\" content=\"[vc_row][vc_column][vc_empty_space height=&#8220;52px&#8220;][\/vc_column][\/vc_row][vc_row][vc_column][vc_column_text]Die modernen Anforderungen der Gesch\u00e4ftst\u00e4tigkeit erfordern, da\u00df die Produkte, die der Lieferant dem Kunden anbietet, mit zus\u00e4tzlichen Werten erg\u00e4nzt werden m\u00fcssen. Wir in Rolling World wissen, da\u00df der Wert und der Preis des Produktes nicht gleich sind. Eine Reihe von zus\u00e4tzlichen Dienstleistungen, die wir unseren Kunden anbieten verleihen den Produkten aus unserem Angebot Mehrwert, [&hellip;]\" \/>\n<meta property=\"og:url\" content=\"https:\/\/rolling.rs\/en\/usluge\/\" \/>\n<meta property=\"og:site_name\" content=\"Kotrljajuci lezajevi-Rolling World\" \/>\n<meta property=\"article:modified_time\" content=\"2019-05-08T15:43:40+00:00\" \/>\n<meta name=\"twitter:card\" content=\"summary_large_image\" \/>\n<meta name=\"twitter:label1\" content=\"Gesch\u00e4tzte Lesezeit\" \/>\n\t<meta name=\"twitter:data1\" content=\"1\u00a0Minute\" \/>\n<script type=\"application\/ld+json\" class=\"yoast-schema-graph\">{\"@context\":\"https:\/\/schema.org\",\"@graph\":[{\"@type\":\"WebPage\",\"@id\":\"https:\/\/rolling.rs\/en\/usluge\/\",\"url\":\"https:\/\/rolling.rs\/en\/usluge\/\",\"name\":\"Dienstleistungen - Kotrljajuci lezajevi-Rolling World\",\"isPartOf\":{\"@id\":\"http:\/\/rolling.rs\/en\/#website\"},\"datePublished\":\"2019-05-08T15:21:16+00:00\",\"dateModified\":\"2019-05-08T15:43:40+00:00\",\"breadcrumb\":{\"@id\":\"https:\/\/rolling.rs\/en\/usluge\/#breadcrumb\"},\"inLanguage\":\"de\",\"potentialAction\":[{\"@type\":\"ReadAction\",\"target\":[\"https:\/\/rolling.rs\/en\/usluge\/\"]}]},{\"@type\":\"BreadcrumbList\",\"@id\":\"https:\/\/rolling.rs\/en\/usluge\/#breadcrumb\",\"itemListElement\":[{\"@type\":\"ListItem\",\"position\":1,\"name\":\"Home\",\"item\":\"http:\/\/rolling.rs\/en\/\"},{\"@type\":\"ListItem\",\"position\":2,\"name\":\"Services\"}]},{\"@type\":\"WebSite\",\"@id\":\"http:\/\/rolling.rs\/en\/#website\",\"url\":\"http:\/\/rolling.rs\/en\/\",\"name\":\"Kotrljajuci lezajevi-Rolling World\",\"description\":\"Lezajevi Timken\",\"potentialAction\":[{\"@type\":\"SearchAction\",\"target\":{\"@type\":\"EntryPoint\",\"urlTemplate\":\"http:\/\/rolling.rs\/en\/?s={search_term_string}\"},\"query-input\":{\"@type\":\"PropertyValueSpecification\",\"valueRequired\":true,\"valueName\":\"search_term_string\"}}],\"inLanguage\":\"de\"}]}<\/script>\n<!-- \/ Yoast SEO plugin. -->","yoast_head_json":{"title":"Dienstleistungen - Kotrljajuci lezajevi-Rolling World","robots":{"index":"index","follow":"follow","max-snippet":"max-snippet:-1","max-image-preview":"max-image-preview:large","max-video-preview":"max-video-preview:-1"},"canonical":"https:\/\/rolling.rs\/en\/usluge\/","og_locale":"de_DE","og_type":"article","og_title":"Dienstleistungen - Kotrljajuci lezajevi-Rolling World","og_description":"[vc_row][vc_column][vc_empty_space height=&#8220;52px&#8220;][\/vc_column][\/vc_row][vc_row][vc_column][vc_column_text]Die modernen Anforderungen der Gesch\u00e4ftst\u00e4tigkeit erfordern, da\u00df die Produkte, die der Lieferant dem Kunden anbietet, mit zus\u00e4tzlichen Werten erg\u00e4nzt werden m\u00fcssen. Wir in Rolling World wissen, da\u00df der Wert und der Preis des Produktes nicht gleich sind. Eine Reihe von zus\u00e4tzlichen Dienstleistungen, die wir unseren Kunden anbieten verleihen den Produkten aus unserem Angebot Mehrwert, [&hellip;]","og_url":"https:\/\/rolling.rs\/en\/usluge\/","og_site_name":"Kotrljajuci lezajevi-Rolling World","article_modified_time":"2019-05-08T15:43:40+00:00","twitter_card":"summary_large_image","twitter_misc":{"Gesch\u00e4tzte Lesezeit":"1\u00a0Minute"},"schema":{"@context":"https:\/\/schema.org","@graph":[{"@type":"WebPage","@id":"https:\/\/rolling.rs\/en\/usluge\/","url":"https:\/\/rolling.rs\/en\/usluge\/","name":"Dienstleistungen - Kotrljajuci lezajevi-Rolling World","isPartOf":{"@id":"http:\/\/rolling.rs\/en\/#website"},"datePublished":"2019-05-08T15:21:16+00:00","dateModified":"2019-05-08T15:43:40+00:00","breadcrumb":{"@id":"https:\/\/rolling.rs\/en\/usluge\/#breadcrumb"},"inLanguage":"de","potentialAction":[{"@type":"ReadAction","target":["https:\/\/rolling.rs\/en\/usluge\/"]}]},{"@type":"BreadcrumbList","@id":"https:\/\/rolling.rs\/en\/usluge\/#breadcrumb","itemListElement":[{"@type":"ListItem","position":1,"name":"Home","item":"http:\/\/rolling.rs\/en\/"},{"@type":"ListItem","position":2,"name":"Services"}]},{"@type":"WebSite","@id":"http:\/\/rolling.rs\/en\/#website","url":"http:\/\/rolling.rs\/en\/","name":"Kotrljajuci lezajevi-Rolling World","description":"Lezajevi Timken","potentialAction":[{"@type":"SearchAction","target":{"@type":"EntryPoint","urlTemplate":"http:\/\/rolling.rs\/en\/?s={search_term_string}"},"query-input":{"@type":"PropertyValueSpecification","valueRequired":true,"valueName":"search_term_string"}}],"inLanguage":"de"}]}},"_links":{"self":[{"href":"http:\/\/rolling.rs\/de\/wp-json\/wp\/v2\/pages\/2057","targetHints":{"allow":["GET"]}}],"collection":[{"href":"http:\/\/rolling.rs\/de\/wp-json\/wp\/v2\/pages"}],"about":[{"href":"http:\/\/rolling.rs\/de\/wp-json\/wp\/v2\/types\/page"}],"author":[{"embeddable":true,"href":"http:\/\/rolling.rs\/de\/wp-json\/wp\/v2\/users\/1"}],"replies":[{"embeddable":true,"href":"http:\/\/rolling.rs\/de\/wp-json\/wp\/v2\/comments?post=2057"}],"version-history":[{"count":6,"href":"http:\/\/rolling.rs\/de\/wp-json\/wp\/v2\/pages\/2057\/revisions"}],"predecessor-version":[{"id":2095,"href":"http:\/\/rolling.rs\/de\/wp-json\/wp\/v2\/pages\/2057\/revisions\/2095"}],"wp:attachment":[{"href":"http:\/\/rolling.rs\/de\/wp-json\/wp\/v2\/media?parent=2057"}],"curies":[{"name":"wp","href":"https:\/\/api.w.org\/{rel}","templated":true}]}}