{"id":388,"date":"2018-11-24T04:11:14","date_gmt":"2018-11-24T04:11:14","guid":{"rendered":"http:\/\/pluginspoint.com\/dustrial\/?page_id=388"},"modified":"2018-11-24T04:11:14","modified_gmt":"2018-11-24T04:11:14","slug":"project-4-column-nogutter","status":"publish","type":"page","link":"http:\/\/rolling.rs\/de\/project-4-column-nogutter\/","title":{"rendered":"Project 4 Column Nogutter"},"content":{"rendered":"<p>[vc_row css=&#8220;.vc_custom_1543032667624{padding-top: 100px !important;padding-bottom: 100px !important;}&#8220;][vc_column]\n<script>\n  jQuery(window).on('load', function () {\n\n    jQuery('.portfolio-area').imagesLoaded( function() {\n        \/\/ portfolio - active\n        var $grid = jQuery('.portfolio-active-69f54b76cadb1').isotope({\n            itemSelector: '.grid-item',\n            layoutMode: 'fitRows',\n            percentPosition: true,\n            masonry: {\n                \/\/ use outer width of grid-sizer for columnWidth\n                columnWidth: 1\n            }\n        })\n\n        \/\/ filter items on button click\n        jQuery('.portfolio-menu-69f54b76cadb1').on('click', 'button', function () {\n            var filterValue = jQuery(this).attr('data-filter');\n            $grid.isotope({ filter: filterValue });\n        });\n        \/\/for menu active class\n        jQuery('.portfolio-menu-69f54b76cadb1 button').on('click', function (event) {\n            jQuery(this).siblings('.active').removeClass('active');\n            jQuery(this).addClass('active');\n            event.preventDefault();\n        });\n\n    });\n\n  });\n<\/script>  \n\n<div class=\"our-latest-project portfolio-area\">\n              <!-- Letest Project Btn -->\n            <div class=\"inner-mixitup-menus portfolio-menu-69f54b76cadb1 text-center\">\n              <button class=\"btn active\" type=\"button\" data-filter=\"*\">View All<\/button>\n              <button class=\"btn mb-2 mb-md-0\" type=\"button\" data-filter=\".industy\">Kraft\u00fcbertragung<\/button><button class=\"btn mb-2 mb-md-0\" type=\"button\" data-filter=\".materials\">Instrumente<\/button><button class=\"btn mb-2 mb-md-0\" type=\"button\" data-filter=\".mechanical\">Linearsysteme<\/button><button class=\"btn mb-2 mb-md-0\" type=\"button\" data-filter=\".production\">Werkzeuge<\/button><button class=\"btn mb-2 mb-md-0\" type=\"button\" data-filter=\".industrial-coatings\"><\/button><button class=\"btn mb-2 mb-md-0\" type=\"button\" data-filter=\".sistemi-podmazivanja\">Sistemi podmazivanja<\/button><button class=\"btn mb-2 mb-md-0\" type=\"button\" data-filter=\".alalezajevi\">Lezajevi<\/button><button class=\"btn mb-2 mb-md-0\" type=\"button\" data-filter=\".zaptivna-resenja\">Zaptivna resenja<\/button>            <\/div><!-- End Project Btn -->\n          \n  <!-- Letest Project content -->\n  <div id=\"dustrial-projects\" class=\"row portfolio-active-69f54b76cadb1 isotop-projects-filter\n\">\n    \n      <div class=\"grid-item materials no-gutter col-lg-3 col-12 col-md-6\">\n\n        \n          <div class=\"card border-0 rounded-0\">\n            <div class=\"card-img position-relative\">\n                              \n                <div class=\"img-overlay style-1 activeColor d-flex align-items-center justify-content-center text-center\">\n                  <div class=\"col-md-10\">\n                    <h5 class=\"text-light\"><a href=\"http:\/\/rolling.rs\/de\/our_project\/insurance\/\">Instrumente<\/a><\/h5>\n                    <div class=\"text-light\">SKF ist einer der gr\u00f6\u00dften Welthersteller verschiedener Instrumente, die in Programmen<\/div>\n                  <\/div>\n                <\/div>\n                <img loading=\"lazy\" decoding=\"async\" width=\"362\" height=\"262\" src=\"http:\/\/rolling.rs\/wp-content\/uploads\/2019\/01\/instrumenti-362x262.jpg\" class=\"img-fluid wp-post-image\" alt=\"\" \/>                            <div class=\"shape\"><\/div>\n              <div class=\"categories\">\n                <a href=\"http:\/\/rolling.rs\/de\/our_project\/insurance\/\">\n                  <img decoding=\"async\" class=\"img-fluid\" src=\"http:\/\/rolling.rs\/wp-content\/themes\/dustrial\/assets\/img\/\/big-arrow.png\" alt=\"cat img\">\n                <\/a>\n              <\/div>\n            <\/div>\n          <\/div>\n\n              <\/div>\n    \n      <div class=\"grid-item production no-gutter col-lg-3 col-12 col-md-6\">\n\n        \n          <div class=\"card border-0 rounded-0\">\n            <div class=\"card-img position-relative\">\n                              \n                <div class=\"img-overlay style-1 activeColor d-flex align-items-center justify-content-center text-center\">\n                  <div class=\"col-md-10\">\n                    <h5 class=\"text-light\"><a href=\"http:\/\/rolling.rs\/de\/our_project\/alati\/\">Werkzeuge<\/a><\/h5>\n                    <div class=\"text-light\">Die Untersuchungen zeigen, da\u00df etwa 16 % der Lager wegen unrichtigen<\/div>\n                  <\/div>\n                <\/div>\n                <img loading=\"lazy\" decoding=\"async\" width=\"362\" height=\"262\" src=\"http:\/\/rolling.rs\/wp-content\/uploads\/2019\/01\/tools-timken-362x262.png\" class=\"img-fluid wp-post-image\" alt=\"\" \/>                            <div class=\"shape\"><\/div>\n              <div class=\"categories\">\n                <a href=\"http:\/\/rolling.rs\/de\/our_project\/alati\/\">\n                  <img decoding=\"async\" class=\"img-fluid\" src=\"http:\/\/rolling.rs\/wp-content\/themes\/dustrial\/assets\/img\/\/big-arrow.png\" alt=\"cat img\">\n                <\/a>\n              <\/div>\n            <\/div>\n          <\/div>\n\n              <\/div>\n    \n      <div class=\"grid-item mechanical no-gutter col-lg-3 col-12 col-md-6\">\n\n        \n          <div class=\"card border-0 rounded-0\">\n            <div class=\"card-img position-relative\">\n                              \n                <div class=\"img-overlay style-1 activeColor d-flex align-items-center justify-content-center text-center\">\n                  <div class=\"col-md-10\">\n                    <h5 class=\"text-light\"><a href=\"http:\/\/rolling.rs\/de\/our_project\/linearni-sistemi\/\">Linearsysteme<\/a><\/h5>\n                    <div class=\"text-light\">Die moderne Produktionsweise erfordert die Einf\u00fchrung verschiedener Automatisierungs-systeme.<\/div>\n                  <\/div>\n                <\/div>\n                <img loading=\"lazy\" decoding=\"async\" width=\"362\" height=\"262\" src=\"http:\/\/rolling.rs\/wp-content\/uploads\/2019\/01\/LINEAR-MOTIONS-362x262.jpg\" class=\"img-fluid wp-post-image\" alt=\"\" \/>                            <div class=\"shape\"><\/div>\n              <div class=\"categories\">\n                <a href=\"http:\/\/rolling.rs\/de\/our_project\/linearni-sistemi\/\">\n                  <img decoding=\"async\" class=\"img-fluid\" src=\"http:\/\/rolling.rs\/wp-content\/themes\/dustrial\/assets\/img\/\/big-arrow.png\" alt=\"cat img\">\n                <\/a>\n              <\/div>\n            <\/div>\n          <\/div>\n\n              <\/div>\n    \n      <div class=\"grid-item industy no-gutter col-lg-3 col-12 col-md-6\">\n\n        \n          <div class=\"card border-0 rounded-0\">\n            <div class=\"card-img position-relative\">\n                              \n                <div class=\"img-overlay style-1 activeColor d-flex align-items-center justify-content-center text-center\">\n                  <div class=\"col-md-10\">\n                    <h5 class=\"text-light\"><a href=\"http:\/\/rolling.rs\/de\/our_project\/prenos-snage-spojnice-reduktori-remenice-lanci-lancanici\/\">Kraft\u00fcbertragung<\/a><\/h5>\n                    <div class=\"text-light\">There are many variations of passages of Lorem Ipsum available but<\/div>\n                  <\/div>\n                <\/div>\n                <img loading=\"lazy\" decoding=\"async\" width=\"362\" height=\"262\" src=\"http:\/\/rolling.rs\/wp-content\/uploads\/2019\/01\/Power-transmision-products2-362x262.jpg\" class=\"img-fluid wp-post-image\" alt=\"\" \/>                            <div class=\"shape\"><\/div>\n              <div class=\"categories\">\n                <a href=\"http:\/\/rolling.rs\/de\/our_project\/prenos-snage-spojnice-reduktori-remenice-lanci-lancanici\/\">\n                  <img decoding=\"async\" class=\"img-fluid\" src=\"http:\/\/rolling.rs\/wp-content\/themes\/dustrial\/assets\/img\/\/big-arrow.png\" alt=\"cat img\">\n                <\/a>\n              <\/div>\n            <\/div>\n          <\/div>\n\n              <\/div>\n    \n      <div class=\"grid-item sistemi-podmazivanja no-gutter col-lg-3 col-12 col-md-6\">\n\n        \n          <div class=\"card border-0 rounded-0\">\n            <div class=\"card-img position-relative\">\n                              \n                <div class=\"img-overlay style-1 activeColor d-flex align-items-center justify-content-center text-center\">\n                  <div class=\"col-md-10\">\n                    <h5 class=\"text-light\"><a href=\"http:\/\/rolling.rs\/de\/our_project\/maziva-i-sistemi-podmazivanja\/\">Schmierstoffe und Schmiersysteme<\/a><\/h5>\n                    <div class=\"text-light\">There are many variations of passages of Lorem Ipsum available but<\/div>\n                  <\/div>\n                <\/div>\n                <img loading=\"lazy\" decoding=\"async\" width=\"362\" height=\"262\" src=\"http:\/\/rolling.rs\/wp-content\/uploads\/2019\/01\/sistemi-podmazivanja-2-362x262.jpg\" class=\"img-fluid wp-post-image\" alt=\"\" \/>                            <div class=\"shape\"><\/div>\n              <div class=\"categories\">\n                <a href=\"http:\/\/rolling.rs\/de\/our_project\/maziva-i-sistemi-podmazivanja\/\">\n                  <img decoding=\"async\" class=\"img-fluid\" src=\"http:\/\/rolling.rs\/wp-content\/themes\/dustrial\/assets\/img\/\/big-arrow.png\" alt=\"cat img\">\n                <\/a>\n              <\/div>\n            <\/div>\n          <\/div>\n\n              <\/div>\n    \n      <div class=\"grid-item zaptivna-resenja no-gutter col-lg-3 col-12 col-md-6\">\n\n        \n          <div class=\"card border-0 rounded-0\">\n            <div class=\"card-img position-relative\">\n                              \n                <div class=\"img-overlay style-1 activeColor d-flex align-items-center justify-content-center text-center\">\n                  <div class=\"col-md-10\">\n                    <h5 class=\"text-light\"><a href=\"http:\/\/rolling.rs\/de\/our_project\/zaptivna-resenja\/\">Abdichtungsl\u00f6sungen<\/a><\/h5>\n                    <div class=\"text-light\">Die Rolle der Abdichtung besteht darin, den Schmierstoff innerhalb des Lagers<\/div>\n                  <\/div>\n                <\/div>\n                <img loading=\"lazy\" decoding=\"async\" width=\"362\" height=\"262\" src=\"http:\/\/rolling.rs\/wp-content\/uploads\/2019\/01\/Zaptivna-re\u0161enja2-362x262.jpg\" class=\"img-fluid wp-post-image\" alt=\"\" \/>                            <div class=\"shape\"><\/div>\n              <div class=\"categories\">\n                <a href=\"http:\/\/rolling.rs\/de\/our_project\/zaptivna-resenja\/\">\n                  <img decoding=\"async\" class=\"img-fluid\" src=\"http:\/\/rolling.rs\/wp-content\/themes\/dustrial\/assets\/img\/\/big-arrow.png\" alt=\"cat img\">\n                <\/a>\n              <\/div>\n            <\/div>\n          <\/div>\n\n              <\/div>\n    \n      <div class=\"grid-item alalezajevi no-gutter col-lg-3 col-12 col-md-6\">\n\n        \n          <div class=\"card border-0 rounded-0\">\n            <div class=\"card-img position-relative\">\n                              \n                <div class=\"img-overlay style-1 activeColor d-flex align-items-center justify-content-center text-center\">\n                  <div class=\"col-md-10\">\n                    <h5 class=\"text-light\"><a href=\"http:\/\/rolling.rs\/de\/our_project\/akotrljajni-i-klizni-lezajevi-lezajne-jedinice-kucista-lezajeva\/\">Lager und Lagereinheiten<\/a><\/h5>\n                    <div class=\"text-light\">Als H\u00e4ndler der gr\u00f6\u00dften Welthersteller aus dem Bereich Reibungsmanagement bietet Ihnen<\/div>\n                  <\/div>\n                <\/div>\n                <img loading=\"lazy\" decoding=\"async\" width=\"362\" height=\"262\" src=\"http:\/\/rolling.rs\/wp-content\/uploads\/2019\/01\/TKR18040011-362x262.jpg\" class=\"img-fluid wp-post-image\" alt=\"\" \/>                            <div class=\"shape\"><\/div>\n              <div class=\"categories\">\n                <a href=\"http:\/\/rolling.rs\/de\/our_project\/akotrljajni-i-klizni-lezajevi-lezajne-jedinice-kucista-lezajeva\/\">\n                  <img decoding=\"async\" class=\"img-fluid\" src=\"http:\/\/rolling.rs\/wp-content\/themes\/dustrial\/assets\/img\/\/big-arrow.png\" alt=\"cat img\">\n                <\/a>\n              <\/div>\n            <\/div>\n          <\/div>\n\n              <\/div>\n      <\/div>\n<\/div>\n\n[\/vc_column][\/vc_row]<\/p>\n","protected":false},"excerpt":{"rendered":"<p>[vc_row css=&#8220;.vc_custom_1543032667624{padding-top: 100px !important;padding-bottom: 100px !important;}&#8220;][vc_column][\/vc_column][\/vc_row]<\/p>\n","protected":false},"author":1,"featured_media":0,"parent":0,"menu_order":0,"comment_status":"closed","ping_status":"closed","template":"page-template\/blank-page-sidebar.php","meta":{"footnotes":""},"class_list":["post-388","page","type-page","status-publish","hentry"],"yoast_head":"<!-- This site is optimized with the Yoast SEO plugin v25.8 - https:\/\/yoast.com\/wordpress\/plugins\/seo\/ -->\n<title>Project 4 Column Nogutter - Kotrljajuci lezajevi-Rolling World<\/title>\n<meta name=\"robots\" content=\"index, follow, max-snippet:-1, max-image-preview:large, max-video-preview:-1\" \/>\n<link rel=\"canonical\" href=\"http:\/\/rolling.rs\/en\/project-4-column-nogutter\/\" \/>\n<meta property=\"og:locale\" content=\"de_DE\" \/>\n<meta property=\"og:type\" content=\"article\" \/>\n<meta property=\"og:title\" content=\"Project 4 Column Nogutter - Kotrljajuci lezajevi-Rolling World\" \/>\n<meta property=\"og:description\" content=\"[vc_row css=&#8220;.vc_custom_1543032667624{padding-top: 100px !important;padding-bottom: 100px !important;}&#8220;][vc_column][\/vc_column][\/vc_row]\" \/>\n<meta property=\"og:url\" content=\"http:\/\/rolling.rs\/en\/project-4-column-nogutter\/\" \/>\n<meta property=\"og:site_name\" content=\"Kotrljajuci lezajevi-Rolling World\" \/>\n<meta name=\"twitter:card\" content=\"summary_large_image\" \/>\n<script type=\"application\/ld+json\" class=\"yoast-schema-graph\">{\"@context\":\"https:\/\/schema.org\",\"@graph\":[{\"@type\":\"WebPage\",\"@id\":\"http:\/\/rolling.rs\/en\/project-4-column-nogutter\/\",\"url\":\"http:\/\/rolling.rs\/en\/project-4-column-nogutter\/\",\"name\":\"Project 4 Column Nogutter - Kotrljajuci lezajevi-Rolling World\",\"isPartOf\":{\"@id\":\"http:\/\/rolling.rs\/en\/#website\"},\"datePublished\":\"2018-11-24T04:11:14+00:00\",\"breadcrumb\":{\"@id\":\"http:\/\/rolling.rs\/en\/project-4-column-nogutter\/#breadcrumb\"},\"inLanguage\":\"de\",\"potentialAction\":[{\"@type\":\"ReadAction\",\"target\":[\"http:\/\/rolling.rs\/en\/project-4-column-nogutter\/\"]}]},{\"@type\":\"BreadcrumbList\",\"@id\":\"http:\/\/rolling.rs\/en\/project-4-column-nogutter\/#breadcrumb\",\"itemListElement\":[{\"@type\":\"ListItem\",\"position\":1,\"name\":\"Home\",\"item\":\"http:\/\/rolling.rs\/en\/\"},{\"@type\":\"ListItem\",\"position\":2,\"name\":\"Project 4 Column Nogutter\"}]},{\"@type\":\"WebSite\",\"@id\":\"http:\/\/rolling.rs\/en\/#website\",\"url\":\"http:\/\/rolling.rs\/en\/\",\"name\":\"Kotrljajuci lezajevi-Rolling World\",\"description\":\"Lezajevi Timken\",\"potentialAction\":[{\"@type\":\"SearchAction\",\"target\":{\"@type\":\"EntryPoint\",\"urlTemplate\":\"http:\/\/rolling.rs\/en\/?s={search_term_string}\"},\"query-input\":{\"@type\":\"PropertyValueSpecification\",\"valueRequired\":true,\"valueName\":\"search_term_string\"}}],\"inLanguage\":\"de\"}]}<\/script>\n<!-- \/ Yoast SEO plugin. -->","yoast_head_json":{"title":"Project 4 Column Nogutter - Kotrljajuci lezajevi-Rolling World","robots":{"index":"index","follow":"follow","max-snippet":"max-snippet:-1","max-image-preview":"max-image-preview:large","max-video-preview":"max-video-preview:-1"},"canonical":"http:\/\/rolling.rs\/en\/project-4-column-nogutter\/","og_locale":"de_DE","og_type":"article","og_title":"Project 4 Column Nogutter - Kotrljajuci lezajevi-Rolling World","og_description":"[vc_row css=&#8220;.vc_custom_1543032667624{padding-top: 100px !important;padding-bottom: 100px !important;}&#8220;][vc_column][\/vc_column][\/vc_row]","og_url":"http:\/\/rolling.rs\/en\/project-4-column-nogutter\/","og_site_name":"Kotrljajuci lezajevi-Rolling World","twitter_card":"summary_large_image","schema":{"@context":"https:\/\/schema.org","@graph":[{"@type":"WebPage","@id":"http:\/\/rolling.rs\/en\/project-4-column-nogutter\/","url":"http:\/\/rolling.rs\/en\/project-4-column-nogutter\/","name":"Project 4 Column Nogutter - Kotrljajuci lezajevi-Rolling World","isPartOf":{"@id":"http:\/\/rolling.rs\/en\/#website"},"datePublished":"2018-11-24T04:11:14+00:00","breadcrumb":{"@id":"http:\/\/rolling.rs\/en\/project-4-column-nogutter\/#breadcrumb"},"inLanguage":"de","potentialAction":[{"@type":"ReadAction","target":["http:\/\/rolling.rs\/en\/project-4-column-nogutter\/"]}]},{"@type":"BreadcrumbList","@id":"http:\/\/rolling.rs\/en\/project-4-column-nogutter\/#breadcrumb","itemListElement":[{"@type":"ListItem","position":1,"name":"Home","item":"http:\/\/rolling.rs\/en\/"},{"@type":"ListItem","position":2,"name":"Project 4 Column Nogutter"}]},{"@type":"WebSite","@id":"http:\/\/rolling.rs\/en\/#website","url":"http:\/\/rolling.rs\/en\/","name":"Kotrljajuci lezajevi-Rolling World","description":"Lezajevi Timken","potentialAction":[{"@type":"SearchAction","target":{"@type":"EntryPoint","urlTemplate":"http:\/\/rolling.rs\/en\/?s={search_term_string}"},"query-input":{"@type":"PropertyValueSpecification","valueRequired":true,"valueName":"search_term_string"}}],"inLanguage":"de"}]}},"_links":{"self":[{"href":"http:\/\/rolling.rs\/de\/wp-json\/wp\/v2\/pages\/388","targetHints":{"allow":["GET"]}}],"collection":[{"href":"http:\/\/rolling.rs\/de\/wp-json\/wp\/v2\/pages"}],"about":[{"href":"http:\/\/rolling.rs\/de\/wp-json\/wp\/v2\/types\/page"}],"author":[{"embeddable":true,"href":"http:\/\/rolling.rs\/de\/wp-json\/wp\/v2\/users\/1"}],"replies":[{"embeddable":true,"href":"http:\/\/rolling.rs\/de\/wp-json\/wp\/v2\/comments?post=388"}],"version-history":[{"count":0,"href":"http:\/\/rolling.rs\/de\/wp-json\/wp\/v2\/pages\/388\/revisions"}],"wp:attachment":[{"href":"http:\/\/rolling.rs\/de\/wp-json\/wp\/v2\/media?parent=388"}],"curies":[{"name":"wp","href":"https:\/\/api.w.org\/{rel}","templated":true}]}}