{"id":1969,"date":"2019-05-08T14:49:26","date_gmt":"2019-05-08T14:49:26","guid":{"rendered":"https:\/\/rolling.rs\/?page_id=1969"},"modified":"2019-05-08T15:49:16","modified_gmt":"2019-05-08T15:49:16","slug":"skf","status":"publish","type":"page","link":"https:\/\/rolling.rs\/de\/skf\/","title":{"rendered":"SKF"},"content":{"rendered":"<p>[vc_row][vc_column][vc_empty_space][vc_single_image image=&#8220;1974&#8243; img_size=&#8220;250&#215;96&#8243; alignment=&#8220;center&#8220; onclick=&#8220;custom_link&#8220; img_link_target=&#8220;_blank&#8220; link=&#8220;https:\/\/www.skf.com\/rs\/index.html&#8220;][vc_separator][\/vc_column][\/vc_row][vc_row][vc_column width=&#8220;1\/2&#8243;][vc_column_text]<a href=\"https:\/\/www.skf.com\/rs\/index.html\" target=\"_blank\" rel=\"noopener noreferrer\">SKF<\/a>, <em>Svenska Kullagerfabriken\u00a0<\/em>Gruppe, ist der f\u00fchrende Weltlieferant von Produkten, L\u00f6sungen und Dienstleistungen im Bereich der W\u00e4lzlager, Dichtungen, Mechatronik, Service und Schmiersystemen. Die Deinstleistungen umfa\u00dfen technische Unterst\u00fctzung, Instand-haltung, \u00dcberwachung und Schulung<\/p>\n<h4>SKF Gruppe<\/h4>\n<p>SKF wurde im Jahre 1907 gegr\u00fcndet und wuchs sehr schnell in ein globales Unternehmen. Schon 1920 positionierte sich das Unternehmen gut auf dem Markt von Europa, Nord- und S\u00fcdamerika, Asien und Afrika. Heute hat SKF die Vertretungen in \u00fcber 130 L\u00e4ndern. Das Unternehmen hat mehr als 100 Produktionsbetriebe und effizientes globales Vetriebssystem mit 15000 Distributors. SKF ist auf dem EU-Markt sehr verbreitet.[\/vc_column_text][vc_empty_space height=&#8220;24px&#8220;][vc_column_text]<\/p>\n<h3>F\u00fcnf Verfahrensebenen<\/h3>\n<p>[\/vc_column_text][vc_column_text]SKF gruppiert ihre Technologie in 5 Ebenen:\u00a0<strong>Lager und Lagereinheiten, Dichtungen, Mechatronik, Service und Schmiersysteme<\/strong>. Bei Nutzung aller oder einzelnen Ebenen entwickelt SKF das Angebot nach Ma\u00df jedes Kundensegmenten, mit Hilfeleistung an die Kunden, bessere Leistungen zu erzielen, die Energioe zu sparen und Gesamtkosten zu reduzieren.[\/vc_column_text][\/vc_column][vc_column width=&#8220;1\/2&#8243;][vc_single_image image=&#8220;1973&#8243; img_size=&#8220;full&#8220;][vc_column_text]<\/p>\n<h3>Drei Abteilungen, 40 Bereiche<\/h3>\n<p>[\/vc_column_text][vc_column_text]<\/p>\n<div id=\"container\">\n<div id=\"content\">\n<p>SKF arbeitet durch drei Abteilungen (Divisionen): Industrie- Automotiv- und Servicedivision und bedient die OEM Hersteller und Kunden in Aftermarket (Kundendienst), respektive Automobildivision mit Bedienung der Automoto-OEM Hersteller und Kunden in Aftermarket. SKF ist in etwa 40 verschiedenen Bereichen t\u00e4tig, wie Automobilindustrie, Windenergie, Eisenbahn, Werkzeugmaschienen, Medizin, Nahrungsindustrie und Papierindustrie<\/p>\n<div class=\"clear\"><\/div>\n<\/div>\n<\/div>\n<p>[\/vc_column_text][\/vc_column][\/vc_row]<\/p>\n","protected":false},"excerpt":{"rendered":"<p>[vc_row][vc_column][vc_empty_space][vc_single_image image=&#8220;1974&#8243; img_size=&#8220;250&#215;96&#8243; alignment=&#8220;center&#8220; onclick=&#8220;custom_link&#8220; img_link_target=&#8220;_blank&#8220; link=&#8220;https:\/\/www.skf.com\/rs\/index.html&#8220;][vc_separator][\/vc_column][\/vc_row][vc_row][vc_column width=&#8220;1\/2&#8243;][vc_column_text]SKF, Svenska Kullagerfabriken\u00a0Gruppe, ist der f\u00fchrende Weltlieferant von Produkten, L\u00f6sungen und Dienstleistungen im Bereich der W\u00e4lzlager, Dichtungen, Mechatronik, Service und Schmiersystemen. Die Deinstleistungen umfa\u00dfen technische Unterst\u00fctzung, Instand-haltung, \u00dcberwachung und Schulung SKF Gruppe SKF wurde im Jahre 1907 gegr\u00fcndet und wuchs sehr schnell in ein globales Unternehmen. Schon 1920 [&hellip;]<\/p>\n","protected":false},"author":1,"featured_media":0,"parent":0,"menu_order":0,"comment_status":"closed","ping_status":"closed","template":"page-template\/blank-page-sidebar.php","meta":{"footnotes":""},"class_list":["post-1969","page","type-page","status-publish","hentry"],"yoast_head":"<!-- This site is optimized with the Yoast SEO plugin v25.8 - https:\/\/yoast.com\/wordpress\/plugins\/seo\/ -->\n<title>SKF - Kotrljajuci lezajevi-Rolling World<\/title>\n<meta name=\"robots\" content=\"index, follow, max-snippet:-1, max-image-preview:large, max-video-preview:-1\" \/>\n<link rel=\"canonical\" href=\"https:\/\/rolling.rs\/de\/skf\/\" \/>\n<meta property=\"og:locale\" content=\"de_DE\" \/>\n<meta property=\"og:type\" content=\"article\" \/>\n<meta property=\"og:title\" content=\"SKF - Kotrljajuci lezajevi-Rolling World\" \/>\n<meta property=\"og:description\" content=\"[vc_row][vc_column][vc_empty_space][vc_single_image image=&#8220;1974&#8243; img_size=&#8220;250&#215;96&#8243; alignment=&#8220;center&#8220; onclick=&#8220;custom_link&#8220; img_link_target=&#8220;_blank&#8220; link=&#8220;https:\/\/www.skf.com\/rs\/index.html&#8220;][vc_separator][\/vc_column][\/vc_row][vc_row][vc_column width=&#8220;1\/2&#8243;][vc_column_text]SKF, Svenska Kullagerfabriken\u00a0Gruppe, ist der f\u00fchrende Weltlieferant von Produkten, L\u00f6sungen und Dienstleistungen im Bereich der W\u00e4lzlager, Dichtungen, Mechatronik, Service und Schmiersystemen. Die Deinstleistungen umfa\u00dfen technische Unterst\u00fctzung, Instand-haltung, \u00dcberwachung und Schulung SKF Gruppe SKF wurde im Jahre 1907 gegr\u00fcndet und wuchs sehr schnell in ein globales Unternehmen. Schon 1920 [&hellip;]\" \/>\n<meta property=\"og:url\" content=\"https:\/\/rolling.rs\/de\/skf\/\" \/>\n<meta property=\"og:site_name\" content=\"Kotrljajuci lezajevi-Rolling World\" \/>\n<meta property=\"article:modified_time\" content=\"2019-05-08T15:49:16+00:00\" \/>\n<meta name=\"twitter:card\" content=\"summary_large_image\" \/>\n<meta name=\"twitter:label1\" content=\"Gesch\u00e4tzte Lesezeit\" \/>\n\t<meta name=\"twitter:data1\" content=\"1\u00a0Minute\" \/>\n<script type=\"application\/ld+json\" class=\"yoast-schema-graph\">{\"@context\":\"https:\/\/schema.org\",\"@graph\":[{\"@type\":\"WebPage\",\"@id\":\"https:\/\/rolling.rs\/de\/skf\/\",\"url\":\"https:\/\/rolling.rs\/de\/skf\/\",\"name\":\"SKF - Kotrljajuci lezajevi-Rolling World\",\"isPartOf\":{\"@id\":\"http:\/\/rolling.rs\/en\/#website\"},\"datePublished\":\"2019-05-08T14:49:26+00:00\",\"dateModified\":\"2019-05-08T15:49:16+00:00\",\"breadcrumb\":{\"@id\":\"https:\/\/rolling.rs\/de\/skf\/#breadcrumb\"},\"inLanguage\":\"de\",\"potentialAction\":[{\"@type\":\"ReadAction\",\"target\":[\"https:\/\/rolling.rs\/de\/skf\/\"]}]},{\"@type\":\"BreadcrumbList\",\"@id\":\"https:\/\/rolling.rs\/de\/skf\/#breadcrumb\",\"itemListElement\":[{\"@type\":\"ListItem\",\"position\":1,\"name\":\"Home\",\"item\":\"http:\/\/rolling.rs\/en\/\"},{\"@type\":\"ListItem\",\"position\":2,\"name\":\"SKF\"}]},{\"@type\":\"WebSite\",\"@id\":\"http:\/\/rolling.rs\/en\/#website\",\"url\":\"http:\/\/rolling.rs\/en\/\",\"name\":\"Kotrljajuci lezajevi-Rolling World\",\"description\":\"Lezajevi Timken\",\"potentialAction\":[{\"@type\":\"SearchAction\",\"target\":{\"@type\":\"EntryPoint\",\"urlTemplate\":\"http:\/\/rolling.rs\/en\/?s={search_term_string}\"},\"query-input\":{\"@type\":\"PropertyValueSpecification\",\"valueRequired\":true,\"valueName\":\"search_term_string\"}}],\"inLanguage\":\"de\"}]}<\/script>\n<!-- \/ Yoast SEO plugin. -->","yoast_head_json":{"title":"SKF - Kotrljajuci lezajevi-Rolling World","robots":{"index":"index","follow":"follow","max-snippet":"max-snippet:-1","max-image-preview":"max-image-preview:large","max-video-preview":"max-video-preview:-1"},"canonical":"https:\/\/rolling.rs\/de\/skf\/","og_locale":"de_DE","og_type":"article","og_title":"SKF - Kotrljajuci lezajevi-Rolling World","og_description":"[vc_row][vc_column][vc_empty_space][vc_single_image image=&#8220;1974&#8243; img_size=&#8220;250&#215;96&#8243; alignment=&#8220;center&#8220; onclick=&#8220;custom_link&#8220; img_link_target=&#8220;_blank&#8220; link=&#8220;https:\/\/www.skf.com\/rs\/index.html&#8220;][vc_separator][\/vc_column][\/vc_row][vc_row][vc_column width=&#8220;1\/2&#8243;][vc_column_text]SKF, Svenska Kullagerfabriken\u00a0Gruppe, ist der f\u00fchrende Weltlieferant von Produkten, L\u00f6sungen und Dienstleistungen im Bereich der W\u00e4lzlager, Dichtungen, Mechatronik, Service und Schmiersystemen. Die Deinstleistungen umfa\u00dfen technische Unterst\u00fctzung, Instand-haltung, \u00dcberwachung und Schulung SKF Gruppe SKF wurde im Jahre 1907 gegr\u00fcndet und wuchs sehr schnell in ein globales Unternehmen. Schon 1920 [&hellip;]","og_url":"https:\/\/rolling.rs\/de\/skf\/","og_site_name":"Kotrljajuci lezajevi-Rolling World","article_modified_time":"2019-05-08T15:49:16+00:00","twitter_card":"summary_large_image","twitter_misc":{"Gesch\u00e4tzte Lesezeit":"1\u00a0Minute"},"schema":{"@context":"https:\/\/schema.org","@graph":[{"@type":"WebPage","@id":"https:\/\/rolling.rs\/de\/skf\/","url":"https:\/\/rolling.rs\/de\/skf\/","name":"SKF - Kotrljajuci lezajevi-Rolling World","isPartOf":{"@id":"http:\/\/rolling.rs\/en\/#website"},"datePublished":"2019-05-08T14:49:26+00:00","dateModified":"2019-05-08T15:49:16+00:00","breadcrumb":{"@id":"https:\/\/rolling.rs\/de\/skf\/#breadcrumb"},"inLanguage":"de","potentialAction":[{"@type":"ReadAction","target":["https:\/\/rolling.rs\/de\/skf\/"]}]},{"@type":"BreadcrumbList","@id":"https:\/\/rolling.rs\/de\/skf\/#breadcrumb","itemListElement":[{"@type":"ListItem","position":1,"name":"Home","item":"http:\/\/rolling.rs\/en\/"},{"@type":"ListItem","position":2,"name":"SKF"}]},{"@type":"WebSite","@id":"http:\/\/rolling.rs\/en\/#website","url":"http:\/\/rolling.rs\/en\/","name":"Kotrljajuci lezajevi-Rolling World","description":"Lezajevi Timken","potentialAction":[{"@type":"SearchAction","target":{"@type":"EntryPoint","urlTemplate":"http:\/\/rolling.rs\/en\/?s={search_term_string}"},"query-input":{"@type":"PropertyValueSpecification","valueRequired":true,"valueName":"search_term_string"}}],"inLanguage":"de"}]}},"_links":{"self":[{"href":"https:\/\/rolling.rs\/de\/wp-json\/wp\/v2\/pages\/1969","targetHints":{"allow":["GET"]}}],"collection":[{"href":"https:\/\/rolling.rs\/de\/wp-json\/wp\/v2\/pages"}],"about":[{"href":"https:\/\/rolling.rs\/de\/wp-json\/wp\/v2\/types\/page"}],"author":[{"embeddable":true,"href":"https:\/\/rolling.rs\/de\/wp-json\/wp\/v2\/users\/1"}],"replies":[{"embeddable":true,"href":"https:\/\/rolling.rs\/de\/wp-json\/wp\/v2\/comments?post=1969"}],"version-history":[{"count":5,"href":"https:\/\/rolling.rs\/de\/wp-json\/wp\/v2\/pages\/1969\/revisions"}],"predecessor-version":[{"id":2105,"href":"https:\/\/rolling.rs\/de\/wp-json\/wp\/v2\/pages\/1969\/revisions\/2105"}],"wp:attachment":[{"href":"https:\/\/rolling.rs\/de\/wp-json\/wp\/v2\/media?parent=1969"}],"curies":[{"name":"wp","href":"https:\/\/api.w.org\/{rel}","templated":true}]}}