{"id":1978,"date":"2019-05-08T14:52:44","date_gmt":"2019-05-08T14:52:44","guid":{"rendered":"https:\/\/rolling.rs\/?page_id=1978"},"modified":"2019-05-08T14:53:00","modified_gmt":"2019-05-08T14:53:00","slug":"timken","status":"publish","type":"page","link":"https:\/\/rolling.rs\/de\/timken\/","title":{"rendered":"TIMKEN"},"content":{"rendered":"<p>[vc_row][vc_column][vc_empty_space height=&#8220;26px&#8220;][vc_single_image image=&#8220;1979&#8243; img_size=&#8220;250&#215;87&#8243; alignment=&#8220;center&#8220; onclick=&#8220;custom_link&#8220; img_link_target=&#8220;_blank&#8220; link=&#8220;https:\/\/www.timken.com\/&#8220;][vc_empty_space height=&#8220;26px&#8220;][vc_separator][\/vc_column][\/vc_row][vc_row][vc_column width=&#8220;1\/2&#8243;][vc_empty_space height=&#8220;18px&#8220;][vc_single_image image=&#8220;1980&#8243; img_size=&#8220;full&#8220;][\/vc_column][vc_column width=&#8220;1\/2&#8243;][vc_empty_space height=&#8220;12px&#8220;][vc_column_text]<\/p>\n<h4>Dr\u017eanje sveta u pokretu<\/h4>\n<p>Kompanija <a href=\"https:\/\/www.timken.com\/\" target=\"_blank\" rel=\"noopener noreferrer\">Timken<\/a> dizajnira rastuc\u0301i portfelj projektovanih le\u017eajeva i proizvoda za prenos snage. Sa vi\u0161e od jednog veka znanja i inovacija, mi stalno pobolj\u0161avamo pouzdanost i efikasnost globalnih ma\u0161ina i opreme kako bismo pomerili svet napred. Timken zapo\u0161ljava vi\u0161e od 18.000 ljudi \u0161irom svijeta, radec\u0301i iz 35 zemalja.<\/p>\n<h4>Misija, vizija i vrednosti<\/h4>\n<p>Timken je vodec\u0301i svetski proizvo\u0111a\u010d le\u017eajeva i mehani\u010dkih proizvoda za prenos snage, kontinuirano pobolj\u0161avajuc\u0301i svoj portfolio i srodne usluge kako bi u\u010dinio globalnu industriju ja\u010dom.<\/p>\n<p>[\/vc_column_text][\/vc_column][\/vc_row][vc_row][vc_column][vc_empty_space][vc_separator][\/vc_column][\/vc_row][vc_row][vc_column width=&#8220;1\/2&#8243;][vc_column_text]<\/p>\n<h5>Timken je globalni proizvo\u0111a\u010d le\u017eajeva, legiranog \u010delika i srodnih komponenti i sklopova.<\/h5>\n<p>Preko 500 tona mase dodiruje pistu sa brzinom od ve\u0107om od 250 km\/h. Udarno optere\u0107enje je potrebo preneti sa letelice na gume to\u010dkova stajnog trapa aviona preko konusno-valjkastih le\u017eajeva.U deli\u0107u sekunde to\u010dkovi ubrzavaju od nule do brzine sletanja, ubrzanjem koje koje ne dosti\u017eu ni najsavremeniji bolidi na trka\u010dim pistama \u2013 i sve to nakon \u0161to su vi\u0161e sati bili izlo\u017eeni temperaturama ispod ta\u010dke smrzavanja na visinama iznad 10000 m.<br \/>\nZatim se le\u017eajevi u sekundi zagrevaju na ogromne temperature preko ko\u010dionih diskova letelice. Optere\u0107enja, ubrzanja i uslovi su nezamislivi. Ni jedna primena le\u017eajeva ne poznaje ovakve ekstremne promene radnih uslova u tako kratkom periodu vremena.<br \/>\nO kvalitetu TIMKEN le\u017eajeva najbolje govori \u010dinjenica da se danas u stajni trap vojnih i civilnih aviona po pravilu ugra\u0111uju le\u017eajevi ovog proizvo\u0111a\u010da!<\/p>\n<p>[\/vc_column_text][\/vc_column][vc_column width=&#8220;1\/2&#8243;][vc_single_image image=&#8220;1981&#8243; img_size=&#8220;full&#8220;][\/vc_column][\/vc_row]<\/p>\n","protected":false},"excerpt":{"rendered":"<p>[vc_row][vc_column][vc_empty_space height=&#8220;26px&#8220;][vc_single_image image=&#8220;1979&#8243; img_size=&#8220;250&#215;87&#8243; alignment=&#8220;center&#8220; onclick=&#8220;custom_link&#8220; img_link_target=&#8220;_blank&#8220; link=&#8220;https:\/\/www.timken.com\/&#8220;][vc_empty_space height=&#8220;26px&#8220;][vc_separator][\/vc_column][\/vc_row][vc_row][vc_column width=&#8220;1\/2&#8243;][vc_empty_space height=&#8220;18px&#8220;][vc_single_image image=&#8220;1980&#8243; img_size=&#8220;full&#8220;][\/vc_column][vc_column width=&#8220;1\/2&#8243;][vc_empty_space height=&#8220;12px&#8220;][vc_column_text] Dr\u017eanje sveta u pokretu Kompanija Timken dizajnira rastuc\u0301i portfelj projektovanih le\u017eajeva i proizvoda za prenos snage. Sa vi\u0161e od jednog veka znanja i inovacija, mi stalno pobolj\u0161avamo pouzdanost i efikasnost globalnih ma\u0161ina i opreme kako bismo pomerili svet napred. Timken [&hellip;]<\/p>\n","protected":false},"author":1,"featured_media":0,"parent":0,"menu_order":0,"comment_status":"closed","ping_status":"closed","template":"page-template\/blank-page-sidebar.php","meta":{"footnotes":""},"class_list":["post-1978","page","type-page","status-publish","hentry"],"yoast_head":"<!-- This site is optimized with the Yoast SEO plugin v25.8 - https:\/\/yoast.com\/wordpress\/plugins\/seo\/ -->\n<title>TIMKEN - Kotrljajuci lezajevi-Rolling World<\/title>\n<meta name=\"robots\" content=\"index, follow, max-snippet:-1, max-image-preview:large, max-video-preview:-1\" \/>\n<link rel=\"canonical\" href=\"http:\/\/rolling.rs\/en\/timken\/\" \/>\n<meta property=\"og:locale\" content=\"de_DE\" \/>\n<meta property=\"og:type\" content=\"article\" \/>\n<meta property=\"og:title\" content=\"TIMKEN - Kotrljajuci lezajevi-Rolling World\" \/>\n<meta property=\"og:description\" content=\"[vc_row][vc_column][vc_empty_space height=&#8220;26px&#8220;][vc_single_image image=&#8220;1979&#8243; img_size=&#8220;250&#215;87&#8243; alignment=&#8220;center&#8220; onclick=&#8220;custom_link&#8220; img_link_target=&#8220;_blank&#8220; link=&#8220;https:\/\/www.timken.com\/&#8220;][vc_empty_space height=&#8220;26px&#8220;][vc_separator][\/vc_column][\/vc_row][vc_row][vc_column width=&#8220;1\/2&#8243;][vc_empty_space height=&#8220;18px&#8220;][vc_single_image image=&#8220;1980&#8243; img_size=&#8220;full&#8220;][\/vc_column][vc_column width=&#8220;1\/2&#8243;][vc_empty_space height=&#8220;12px&#8220;][vc_column_text] Dr\u017eanje sveta u pokretu Kompanija Timken dizajnira rastuc\u0301i portfelj projektovanih le\u017eajeva i proizvoda za prenos snage. Sa vi\u0161e od jednog veka znanja i inovacija, mi stalno pobolj\u0161avamo pouzdanost i efikasnost globalnih ma\u0161ina i opreme kako bismo pomerili svet napred. Timken [&hellip;]\" \/>\n<meta property=\"og:url\" content=\"http:\/\/rolling.rs\/en\/timken\/\" \/>\n<meta property=\"og:site_name\" content=\"Kotrljajuci lezajevi-Rolling World\" \/>\n<meta property=\"article:modified_time\" content=\"2019-05-08T14:53:00+00:00\" \/>\n<meta name=\"twitter:card\" content=\"summary_large_image\" \/>\n<meta name=\"twitter:label1\" content=\"Gesch\u00e4tzte Lesezeit\" \/>\n\t<meta name=\"twitter:data1\" content=\"2\u00a0Minuten\" \/>\n<script type=\"application\/ld+json\" class=\"yoast-schema-graph\">{\"@context\":\"https:\/\/schema.org\",\"@graph\":[{\"@type\":\"WebPage\",\"@id\":\"http:\/\/rolling.rs\/en\/timken\/\",\"url\":\"http:\/\/rolling.rs\/en\/timken\/\",\"name\":\"TIMKEN - Kotrljajuci lezajevi-Rolling World\",\"isPartOf\":{\"@id\":\"http:\/\/rolling.rs\/en\/#website\"},\"datePublished\":\"2019-05-08T14:52:44+00:00\",\"dateModified\":\"2019-05-08T14:53:00+00:00\",\"breadcrumb\":{\"@id\":\"http:\/\/rolling.rs\/en\/timken\/#breadcrumb\"},\"inLanguage\":\"de\",\"potentialAction\":[{\"@type\":\"ReadAction\",\"target\":[\"http:\/\/rolling.rs\/en\/timken\/\"]}]},{\"@type\":\"BreadcrumbList\",\"@id\":\"http:\/\/rolling.rs\/en\/timken\/#breadcrumb\",\"itemListElement\":[{\"@type\":\"ListItem\",\"position\":1,\"name\":\"Home\",\"item\":\"http:\/\/rolling.rs\/en\/\"},{\"@type\":\"ListItem\",\"position\":2,\"name\":\"TIMKEN\"}]},{\"@type\":\"WebSite\",\"@id\":\"http:\/\/rolling.rs\/en\/#website\",\"url\":\"http:\/\/rolling.rs\/en\/\",\"name\":\"Kotrljajuci lezajevi-Rolling World\",\"description\":\"Lezajevi Timken\",\"potentialAction\":[{\"@type\":\"SearchAction\",\"target\":{\"@type\":\"EntryPoint\",\"urlTemplate\":\"http:\/\/rolling.rs\/en\/?s={search_term_string}\"},\"query-input\":{\"@type\":\"PropertyValueSpecification\",\"valueRequired\":true,\"valueName\":\"search_term_string\"}}],\"inLanguage\":\"de\"}]}<\/script>\n<!-- \/ Yoast SEO plugin. -->","yoast_head_json":{"title":"TIMKEN - Kotrljajuci lezajevi-Rolling World","robots":{"index":"index","follow":"follow","max-snippet":"max-snippet:-1","max-image-preview":"max-image-preview:large","max-video-preview":"max-video-preview:-1"},"canonical":"http:\/\/rolling.rs\/en\/timken\/","og_locale":"de_DE","og_type":"article","og_title":"TIMKEN - Kotrljajuci lezajevi-Rolling World","og_description":"[vc_row][vc_column][vc_empty_space height=&#8220;26px&#8220;][vc_single_image image=&#8220;1979&#8243; img_size=&#8220;250&#215;87&#8243; alignment=&#8220;center&#8220; onclick=&#8220;custom_link&#8220; img_link_target=&#8220;_blank&#8220; link=&#8220;https:\/\/www.timken.com\/&#8220;][vc_empty_space height=&#8220;26px&#8220;][vc_separator][\/vc_column][\/vc_row][vc_row][vc_column width=&#8220;1\/2&#8243;][vc_empty_space height=&#8220;18px&#8220;][vc_single_image image=&#8220;1980&#8243; img_size=&#8220;full&#8220;][\/vc_column][vc_column width=&#8220;1\/2&#8243;][vc_empty_space height=&#8220;12px&#8220;][vc_column_text] Dr\u017eanje sveta u pokretu Kompanija Timken dizajnira rastuc\u0301i portfelj projektovanih le\u017eajeva i proizvoda za prenos snage. Sa vi\u0161e od jednog veka znanja i inovacija, mi stalno pobolj\u0161avamo pouzdanost i efikasnost globalnih ma\u0161ina i opreme kako bismo pomerili svet napred. Timken [&hellip;]","og_url":"http:\/\/rolling.rs\/en\/timken\/","og_site_name":"Kotrljajuci lezajevi-Rolling World","article_modified_time":"2019-05-08T14:53:00+00:00","twitter_card":"summary_large_image","twitter_misc":{"Gesch\u00e4tzte Lesezeit":"2\u00a0Minuten"},"schema":{"@context":"https:\/\/schema.org","@graph":[{"@type":"WebPage","@id":"http:\/\/rolling.rs\/en\/timken\/","url":"http:\/\/rolling.rs\/en\/timken\/","name":"TIMKEN - Kotrljajuci lezajevi-Rolling World","isPartOf":{"@id":"http:\/\/rolling.rs\/en\/#website"},"datePublished":"2019-05-08T14:52:44+00:00","dateModified":"2019-05-08T14:53:00+00:00","breadcrumb":{"@id":"http:\/\/rolling.rs\/en\/timken\/#breadcrumb"},"inLanguage":"de","potentialAction":[{"@type":"ReadAction","target":["http:\/\/rolling.rs\/en\/timken\/"]}]},{"@type":"BreadcrumbList","@id":"http:\/\/rolling.rs\/en\/timken\/#breadcrumb","itemListElement":[{"@type":"ListItem","position":1,"name":"Home","item":"http:\/\/rolling.rs\/en\/"},{"@type":"ListItem","position":2,"name":"TIMKEN"}]},{"@type":"WebSite","@id":"http:\/\/rolling.rs\/en\/#website","url":"http:\/\/rolling.rs\/en\/","name":"Kotrljajuci lezajevi-Rolling World","description":"Lezajevi Timken","potentialAction":[{"@type":"SearchAction","target":{"@type":"EntryPoint","urlTemplate":"http:\/\/rolling.rs\/en\/?s={search_term_string}"},"query-input":{"@type":"PropertyValueSpecification","valueRequired":true,"valueName":"search_term_string"}}],"inLanguage":"de"}]}},"_links":{"self":[{"href":"https:\/\/rolling.rs\/de\/wp-json\/wp\/v2\/pages\/1978","targetHints":{"allow":["GET"]}}],"collection":[{"href":"https:\/\/rolling.rs\/de\/wp-json\/wp\/v2\/pages"}],"about":[{"href":"https:\/\/rolling.rs\/de\/wp-json\/wp\/v2\/types\/page"}],"author":[{"embeddable":true,"href":"https:\/\/rolling.rs\/de\/wp-json\/wp\/v2\/users\/1"}],"replies":[{"embeddable":true,"href":"https:\/\/rolling.rs\/de\/wp-json\/wp\/v2\/comments?post=1978"}],"version-history":[{"count":2,"href":"https:\/\/rolling.rs\/de\/wp-json\/wp\/v2\/pages\/1978\/revisions"}],"predecessor-version":[{"id":1983,"href":"https:\/\/rolling.rs\/de\/wp-json\/wp\/v2\/pages\/1978\/revisions\/1983"}],"wp:attachment":[{"href":"https:\/\/rolling.rs\/de\/wp-json\/wp\/v2\/media?parent=1978"}],"curies":[{"name":"wp","href":"https:\/\/api.w.org\/{rel}","templated":true}]}}