{"id":1985,"date":"2019-05-08T14:54:41","date_gmt":"2019-05-08T14:54:41","guid":{"rendered":"https:\/\/rolling.rs\/?page_id=1985"},"modified":"2019-05-08T14:54:41","modified_gmt":"2019-05-08T14:54:41","slug":"belzona","status":"publish","type":"page","link":"https:\/\/rolling.rs\/de\/belzona\/","title":{"rendered":"BELZONA"},"content":{"rendered":"<p>[vc_row][vc_column][vc_single_image image=&#8220;1987&#8243; img_size=&#8220;full&#8220; alignment=&#8220;center&#8220; onclick=&#8220;custom_link&#8220; img_link_target=&#8220;_blank&#8220; link=&#8220;https:\/\/www.belzona.com\/en\/index.aspx&#8220;][vc_separator][\/vc_column][\/vc_row][vc_row][vc_column width=&#8220;1\/2&#8243;][vc_column_text]<\/p>\n<p>Specijalizovani smo za projektovanje i proizvodnju repromaterijala i za\u0161titnih premaza za ma\u0161ine, opremu, zgrade i objekte.<\/p>\n<p><a href=\"https:\/\/www.belzona.com\/en\/index.aspx\" target=\"_blank\" rel=\"noopener noreferrer\">Belzona<\/a> nudi re\u0161enja za \u0161irok spektar in\u017eenjerskih problema i usluga reparacija.<\/p>\n<p>Od punog sistema \u201cklju\u010d u ruke\u201d do jednostavnih popravki na licu mesta, na\u0161i inovativni materijali pru\u017eaju odgovor na mnoga industrijska pitanja, uklju\u010dujuc\u0301i eroziju, koroziju, hemijske napade, abraziju i habanje, vodu i vremenske uslove.<\/p>\n<p>Jednostavna, sigurna i efikasna re\u0161enja omoguc\u0301avaju nam da pru\u017eamo podr\u0161ku na zahtevnim projektima obezbe\u0111ujuc\u0301i pogodnosti koje se retko nalaze na drugim mestima, uklju\u010dujuc\u0301i minimizirane zastoja, smanjene rizika po zdravlje i bezbednost kao i jednostavne tehnike primene.<\/p>\n<p>Specifikacija Belzone obezbe\u0111uje izuzetan standard popravke i za\u0161tite, koja je izgra\u0111ena na vi\u0161e od \u0161est decenija iskustva i znanja.<\/p>\n<p>Da biste otkrili proizvode BELZONE u industrijama koje opslu\u017eujemo, ili specifi\u010dne detalje na aplikacijama, kontaktirajte na\u0161eg distributera.<\/p>\n<p>[\/vc_column_text][\/vc_column][vc_column width=&#8220;1\/2&#8243;][vc_single_image image=&#8220;1988&#8243; img_size=&#8220;full&#8220; alignment=&#8220;center&#8220;][\/vc_column][\/vc_row]<\/p>\n","protected":false},"excerpt":{"rendered":"<p>[vc_row][vc_column][vc_single_image image=&#8220;1987&#8243; img_size=&#8220;full&#8220; alignment=&#8220;center&#8220; onclick=&#8220;custom_link&#8220; img_link_target=&#8220;_blank&#8220; link=&#8220;https:\/\/www.belzona.com\/en\/index.aspx&#8220;][vc_separator][\/vc_column][\/vc_row][vc_row][vc_column width=&#8220;1\/2&#8243;][vc_column_text] Specijalizovani smo za projektovanje i proizvodnju repromaterijala i za\u0161titnih premaza za ma\u0161ine, opremu, zgrade i objekte. Belzona nudi re\u0161enja za \u0161irok spektar in\u017eenjerskih problema i usluga reparacija. Od punog sistema \u201cklju\u010d u ruke\u201d do jednostavnih popravki na licu mesta, na\u0161i inovativni materijali pru\u017eaju odgovor na mnoga industrijska [&hellip;]<\/p>\n","protected":false},"author":1,"featured_media":0,"parent":0,"menu_order":0,"comment_status":"closed","ping_status":"closed","template":"page-template\/blank-page-sidebar.php","meta":{"footnotes":""},"class_list":["post-1985","page","type-page","status-publish","hentry"],"yoast_head":"<!-- This site is optimized with the Yoast SEO plugin v25.8 - https:\/\/yoast.com\/wordpress\/plugins\/seo\/ -->\n<title>BELZONA - Kotrljajuci lezajevi-Rolling World<\/title>\n<meta name=\"robots\" content=\"index, follow, max-snippet:-1, max-image-preview:large, max-video-preview:-1\" \/>\n<link rel=\"canonical\" href=\"http:\/\/rolling.rs\/ru\/belzona\/\" \/>\n<meta property=\"og:locale\" content=\"de_DE\" \/>\n<meta property=\"og:type\" content=\"article\" \/>\n<meta property=\"og:title\" content=\"BELZONA - Kotrljajuci lezajevi-Rolling World\" \/>\n<meta property=\"og:description\" content=\"[vc_row][vc_column][vc_single_image image=&#8220;1987&#8243; img_size=&#8220;full&#8220; alignment=&#8220;center&#8220; onclick=&#8220;custom_link&#8220; img_link_target=&#8220;_blank&#8220; link=&#8220;https:\/\/www.belzona.com\/en\/index.aspx&#8220;][vc_separator][\/vc_column][\/vc_row][vc_row][vc_column width=&#8220;1\/2&#8243;][vc_column_text] Specijalizovani smo za projektovanje i proizvodnju repromaterijala i za\u0161titnih premaza za ma\u0161ine, opremu, zgrade i objekte. Belzona nudi re\u0161enja za \u0161irok spektar in\u017eenjerskih problema i usluga reparacija. Od punog sistema \u201cklju\u010d u ruke\u201d do jednostavnih popravki na licu mesta, na\u0161i inovativni materijali pru\u017eaju odgovor na mnoga industrijska [&hellip;]\" \/>\n<meta property=\"og:url\" content=\"http:\/\/rolling.rs\/ru\/belzona\/\" \/>\n<meta property=\"og:site_name\" content=\"Kotrljajuci lezajevi-Rolling World\" \/>\n<meta name=\"twitter:card\" content=\"summary_large_image\" \/>\n<meta name=\"twitter:label1\" content=\"Gesch\u00e4tzte Lesezeit\" \/>\n\t<meta name=\"twitter:data1\" content=\"1\u00a0Minute\" \/>\n<script type=\"application\/ld+json\" class=\"yoast-schema-graph\">{\"@context\":\"https:\/\/schema.org\",\"@graph\":[{\"@type\":\"WebPage\",\"@id\":\"http:\/\/rolling.rs\/ru\/belzona\/\",\"url\":\"http:\/\/rolling.rs\/ru\/belzona\/\",\"name\":\"BELZONA - Kotrljajuci lezajevi-Rolling World\",\"isPartOf\":{\"@id\":\"http:\/\/rolling.rs\/en\/#website\"},\"datePublished\":\"2019-05-08T14:54:41+00:00\",\"breadcrumb\":{\"@id\":\"http:\/\/rolling.rs\/ru\/belzona\/#breadcrumb\"},\"inLanguage\":\"de\",\"potentialAction\":[{\"@type\":\"ReadAction\",\"target\":[\"http:\/\/rolling.rs\/ru\/belzona\/\"]}]},{\"@type\":\"BreadcrumbList\",\"@id\":\"http:\/\/rolling.rs\/ru\/belzona\/#breadcrumb\",\"itemListElement\":[{\"@type\":\"ListItem\",\"position\":1,\"name\":\"Home\",\"item\":\"http:\/\/rolling.rs\/en\/\"},{\"@type\":\"ListItem\",\"position\":2,\"name\":\"BELZONA\"}]},{\"@type\":\"WebSite\",\"@id\":\"http:\/\/rolling.rs\/en\/#website\",\"url\":\"http:\/\/rolling.rs\/en\/\",\"name\":\"Kotrljajuci lezajevi-Rolling World\",\"description\":\"Lezajevi Timken\",\"potentialAction\":[{\"@type\":\"SearchAction\",\"target\":{\"@type\":\"EntryPoint\",\"urlTemplate\":\"http:\/\/rolling.rs\/en\/?s={search_term_string}\"},\"query-input\":{\"@type\":\"PropertyValueSpecification\",\"valueRequired\":true,\"valueName\":\"search_term_string\"}}],\"inLanguage\":\"de\"}]}<\/script>\n<!-- \/ Yoast SEO plugin. -->","yoast_head_json":{"title":"BELZONA - Kotrljajuci lezajevi-Rolling World","robots":{"index":"index","follow":"follow","max-snippet":"max-snippet:-1","max-image-preview":"max-image-preview:large","max-video-preview":"max-video-preview:-1"},"canonical":"http:\/\/rolling.rs\/ru\/belzona\/","og_locale":"de_DE","og_type":"article","og_title":"BELZONA - Kotrljajuci lezajevi-Rolling World","og_description":"[vc_row][vc_column][vc_single_image image=&#8220;1987&#8243; img_size=&#8220;full&#8220; alignment=&#8220;center&#8220; onclick=&#8220;custom_link&#8220; img_link_target=&#8220;_blank&#8220; link=&#8220;https:\/\/www.belzona.com\/en\/index.aspx&#8220;][vc_separator][\/vc_column][\/vc_row][vc_row][vc_column width=&#8220;1\/2&#8243;][vc_column_text] Specijalizovani smo za projektovanje i proizvodnju repromaterijala i za\u0161titnih premaza za ma\u0161ine, opremu, zgrade i objekte. Belzona nudi re\u0161enja za \u0161irok spektar in\u017eenjerskih problema i usluga reparacija. Od punog sistema \u201cklju\u010d u ruke\u201d do jednostavnih popravki na licu mesta, na\u0161i inovativni materijali pru\u017eaju odgovor na mnoga industrijska [&hellip;]","og_url":"http:\/\/rolling.rs\/ru\/belzona\/","og_site_name":"Kotrljajuci lezajevi-Rolling World","twitter_card":"summary_large_image","twitter_misc":{"Gesch\u00e4tzte Lesezeit":"1\u00a0Minute"},"schema":{"@context":"https:\/\/schema.org","@graph":[{"@type":"WebPage","@id":"http:\/\/rolling.rs\/ru\/belzona\/","url":"http:\/\/rolling.rs\/ru\/belzona\/","name":"BELZONA - Kotrljajuci lezajevi-Rolling World","isPartOf":{"@id":"http:\/\/rolling.rs\/en\/#website"},"datePublished":"2019-05-08T14:54:41+00:00","breadcrumb":{"@id":"http:\/\/rolling.rs\/ru\/belzona\/#breadcrumb"},"inLanguage":"de","potentialAction":[{"@type":"ReadAction","target":["http:\/\/rolling.rs\/ru\/belzona\/"]}]},{"@type":"BreadcrumbList","@id":"http:\/\/rolling.rs\/ru\/belzona\/#breadcrumb","itemListElement":[{"@type":"ListItem","position":1,"name":"Home","item":"http:\/\/rolling.rs\/en\/"},{"@type":"ListItem","position":2,"name":"BELZONA"}]},{"@type":"WebSite","@id":"http:\/\/rolling.rs\/en\/#website","url":"http:\/\/rolling.rs\/en\/","name":"Kotrljajuci lezajevi-Rolling World","description":"Lezajevi Timken","potentialAction":[{"@type":"SearchAction","target":{"@type":"EntryPoint","urlTemplate":"http:\/\/rolling.rs\/en\/?s={search_term_string}"},"query-input":{"@type":"PropertyValueSpecification","valueRequired":true,"valueName":"search_term_string"}}],"inLanguage":"de"}]}},"_links":{"self":[{"href":"https:\/\/rolling.rs\/de\/wp-json\/wp\/v2\/pages\/1985","targetHints":{"allow":["GET"]}}],"collection":[{"href":"https:\/\/rolling.rs\/de\/wp-json\/wp\/v2\/pages"}],"about":[{"href":"https:\/\/rolling.rs\/de\/wp-json\/wp\/v2\/types\/page"}],"author":[{"embeddable":true,"href":"https:\/\/rolling.rs\/de\/wp-json\/wp\/v2\/users\/1"}],"replies":[{"embeddable":true,"href":"https:\/\/rolling.rs\/de\/wp-json\/wp\/v2\/comments?post=1985"}],"version-history":[{"count":1,"href":"https:\/\/rolling.rs\/de\/wp-json\/wp\/v2\/pages\/1985\/revisions"}],"predecessor-version":[{"id":1990,"href":"https:\/\/rolling.rs\/de\/wp-json\/wp\/v2\/pages\/1985\/revisions\/1990"}],"wp:attachment":[{"href":"https:\/\/rolling.rs\/de\/wp-json\/wp\/v2\/media?parent=1985"}],"curies":[{"name":"wp","href":"https:\/\/api.w.org\/{rel}","templated":true}]}}