{"id":1999,"date":"2019-05-08T14:58:51","date_gmt":"2019-05-08T14:58:51","guid":{"rendered":"https:\/\/rolling.rs\/?page_id=1999"},"modified":"2019-07-18T12:23:35","modified_gmt":"2019-07-18T12:23:35","slug":"craft","status":"publish","type":"page","link":"https:\/\/rolling.rs\/de\/craft\/","title":{"rendered":"CRAFT"},"content":{"rendered":"<p>[vc_row][vc_column][vc_empty_space height=&#8220;72px&#8220;][\/vc_column][\/vc_row][vc_row][vc_column][vc_single_image image=&#8220;2003&#8243; img_size=&#8220;250&#215;96&#8243; alignment=&#8220;center&#8220; onclick=&#8220;custom_link&#8220; img_link_target=&#8220;_blank&#8220; link=&#8220;https:\/\/www.craft-bearings.com\/&#8220;][vc_separator][\/vc_column][\/vc_row][vc_row][vc_column width=&#8220;2\/3&#8243;][vc_column_text]Proizvo\u0111a\u010d CRAFT Bearings lociran je u Litvaniji, a svoje proizvodne kapacitete posedujeu Kini, Indiji, Rusiji, Kazahstanu, Uzbekistanu i drugim CIS zemljama.Uspe\u0161no posluju u preko 80 zemalja \u0161irom sveta.Imaju jedan od najve\u0107ih skladi\u0161ta u Evropi i razvijen sistem skladi\u0161ta po kontinentima.Preko 10.000.000 le\u017eajeva u centralnom magacinu koji se prostire na preko 11.000 m2Njihova kontrola proizvodnje u fabrikama kao i kontrola po prispe\u0107u robe u laboratoriji za ispitivanje le\u017eajeva u centralni magacin garantuje kvalitet proizvodnog procesa prema ISO standardima. Ovakav na\u010din provere tako\u0111e garantuje visok kvalitet procesa proizvodnje CRAFT proizvoda.Podr\u0161ka zajedno sa in\u017eenjerima sa univerziteta iz Kaunasa osiguravaju profesionalnu tehni\u010dku podr\u0161ku.[\/vc_column_text][\/vc_column][vc_column width=&#8220;1\/3&#8243;][vc_empty_space][vc_single_image image=&#8220;2014&#8243; img_size=&#8220;full&#8220; alignment=&#8220;center&#8220;][\/vc_column][\/vc_row][vc_row][vc_column][vc_empty_space height=&#8220;52px&#8220;][\/vc_column][\/vc_row][vc_row][vc_column][vc_column_text]CRAFT PDF bro\u0161ure[\/vc_column_text][\/vc_column][\/vc_row][vc_row][vc_column width=&#8220;1\/3&#8243;][vc_single_image image=&#8220;2008&#8243; img_size=&#8220;200&#215;283&#8243; alignment=&#8220;center&#8220; onclick=&#8220;custom_link&#8220; img_link_target=&#8220;_blank&#8220; link=&#8220;https:\/\/www.craft-bearings.com\/uploads\/files\/b01c08797712b5b17ed1dfee551a583e.pdf&#8220;][\/vc_column][vc_column width=&#8220;1\/3&#8243;][vc_single_image image=&#8220;2013&#8243; img_size=&#8220;200&#215;283&#8243; alignment=&#8220;center&#8220; onclick=&#8220;custom_link&#8220; img_link_target=&#8220;_blank&#8220; link=&#8220;https:\/\/www.craft-bearings.com\/uploads\/files\/ae8f9a71b75f81abd2cf55d529533075.pdf&#8220;][\/vc_column][vc_column width=&#8220;1\/3&#8243;][vc_single_image image=&#8220;2012&#8243; img_size=&#8220;200&#215;283&#8243; alignment=&#8220;center&#8220; onclick=&#8220;custom_link&#8220; img_link_target=&#8220;_blank&#8220; link=&#8220;https:\/\/www.craft-bearings.com\/uploads\/files\/3d034ccef122740d5ae742b61ccb10a4.pdf&#8220;][\/vc_column][\/vc_row][vc_row][vc_column width=&#8220;1\/3&#8243;][vc_single_image image=&#8220;2010&#8243; img_size=&#8220;200&#215;283&#8243; alignment=&#8220;center&#8220; onclick=&#8220;custom_link&#8220; img_link_target=&#8220;_blank&#8220; link=&#8220;https:\/\/www.craft-bearings.com\/uploads\/files\/f91d60531917edc54371548f6b72b067.pdf&#8220;][\/vc_column][vc_column width=&#8220;1\/3&#8243;][vc_single_image image=&#8220;2009&#8243; img_size=&#8220;200&#215;283&#8243; alignment=&#8220;center&#8220; onclick=&#8220;custom_link&#8220; img_link_target=&#8220;_blank&#8220; link=&#8220;https:\/\/www.craft-bearings.com\/uploads\/files\/7a3e0d124ed9b447ac76cea1e7dd6347.pdf&#8220;][\/vc_column][vc_column width=&#8220;1\/3&#8243;][vc_single_image image=&#8220;2007&#8243; img_size=&#8220;200&#215;283&#8243; alignment=&#8220;center&#8220; onclick=&#8220;custom_link&#8220; img_link_target=&#8220;_blank&#8220; link=&#8220;https:\/\/www.craft-bearings.com\/uploads\/files\/e027d8091d6aaeedbe429afd92e63a69.pdf&#8220;][\/vc_column][\/vc_row]<\/p>\n","protected":false},"excerpt":{"rendered":"<p>[vc_row][vc_column][vc_empty_space height=&#8220;72px&#8220;][\/vc_column][\/vc_row][vc_row][vc_column][vc_single_image image=&#8220;2003&#8243; img_size=&#8220;250&#215;96&#8243; alignment=&#8220;center&#8220; onclick=&#8220;custom_link&#8220; img_link_target=&#8220;_blank&#8220; link=&#8220;https:\/\/www.craft-bearings.com\/&#8220;][vc_separator][\/vc_column][\/vc_row][vc_row][vc_column width=&#8220;2\/3&#8243;][vc_column_text]Proizvo\u0111a\u010d CRAFT Bearings lociran je u Litvaniji, a svoje proizvodne kapacitete posedujeu Kini, Indiji, Rusiji, Kazahstanu, Uzbekistanu i drugim CIS zemljama.Uspe\u0161no posluju u preko 80 zemalja \u0161irom sveta.Imaju jedan od najve\u0107ih skladi\u0161ta u Evropi i razvijen sistem skladi\u0161ta po kontinentima.Preko 10.000.000 le\u017eajeva u centralnom magacinu koji se [&hellip;]<\/p>\n","protected":false},"author":1,"featured_media":0,"parent":0,"menu_order":0,"comment_status":"closed","ping_status":"closed","template":"page-template\/blank-page-sidebar.php","meta":{"footnotes":""},"class_list":["post-1999","page","type-page","status-publish","hentry"],"yoast_head":"<!-- This site is optimized with the Yoast SEO plugin v25.8 - https:\/\/yoast.com\/wordpress\/plugins\/seo\/ -->\n<title>CRAFT - Kotrljajuci lezajevi-Rolling World<\/title>\n<meta name=\"robots\" content=\"index, follow, max-snippet:-1, max-image-preview:large, max-video-preview:-1\" \/>\n<link rel=\"canonical\" href=\"https:\/\/rolling.rs\/en\/craft\/\" \/>\n<meta property=\"og:locale\" content=\"de_DE\" \/>\n<meta property=\"og:type\" content=\"article\" \/>\n<meta property=\"og:title\" content=\"CRAFT - Kotrljajuci lezajevi-Rolling World\" \/>\n<meta property=\"og:description\" content=\"[vc_row][vc_column][vc_empty_space height=&#8220;72px&#8220;][\/vc_column][\/vc_row][vc_row][vc_column][vc_single_image image=&#8220;2003&#8243; img_size=&#8220;250&#215;96&#8243; alignment=&#8220;center&#8220; onclick=&#8220;custom_link&#8220; img_link_target=&#8220;_blank&#8220; link=&#8220;https:\/\/www.craft-bearings.com\/&#8220;][vc_separator][\/vc_column][\/vc_row][vc_row][vc_column width=&#8220;2\/3&#8243;][vc_column_text]Proizvo\u0111a\u010d CRAFT Bearings lociran je u Litvaniji, a svoje proizvodne kapacitete posedujeu Kini, Indiji, Rusiji, Kazahstanu, Uzbekistanu i drugim CIS zemljama.Uspe\u0161no posluju u preko 80 zemalja \u0161irom sveta.Imaju jedan od najve\u0107ih skladi\u0161ta u Evropi i razvijen sistem skladi\u0161ta po kontinentima.Preko 10.000.000 le\u017eajeva u centralnom magacinu koji se [&hellip;]\" \/>\n<meta property=\"og:url\" content=\"https:\/\/rolling.rs\/en\/craft\/\" \/>\n<meta property=\"og:site_name\" content=\"Kotrljajuci lezajevi-Rolling World\" \/>\n<meta property=\"article:modified_time\" content=\"2019-07-18T12:23:35+00:00\" \/>\n<meta name=\"twitter:card\" content=\"summary_large_image\" \/>\n<meta name=\"twitter:label1\" content=\"Gesch\u00e4tzte Lesezeit\" \/>\n\t<meta name=\"twitter:data1\" content=\"2\u00a0Minuten\" \/>\n<script type=\"application\/ld+json\" class=\"yoast-schema-graph\">{\"@context\":\"https:\/\/schema.org\",\"@graph\":[{\"@type\":\"WebPage\",\"@id\":\"https:\/\/rolling.rs\/en\/craft\/\",\"url\":\"https:\/\/rolling.rs\/en\/craft\/\",\"name\":\"CRAFT - Kotrljajuci lezajevi-Rolling World\",\"isPartOf\":{\"@id\":\"http:\/\/rolling.rs\/en\/#website\"},\"datePublished\":\"2019-05-08T14:58:51+00:00\",\"dateModified\":\"2019-07-18T12:23:35+00:00\",\"breadcrumb\":{\"@id\":\"https:\/\/rolling.rs\/en\/craft\/#breadcrumb\"},\"inLanguage\":\"de\",\"potentialAction\":[{\"@type\":\"ReadAction\",\"target\":[\"https:\/\/rolling.rs\/en\/craft\/\"]}]},{\"@type\":\"BreadcrumbList\",\"@id\":\"https:\/\/rolling.rs\/en\/craft\/#breadcrumb\",\"itemListElement\":[{\"@type\":\"ListItem\",\"position\":1,\"name\":\"Home\",\"item\":\"http:\/\/rolling.rs\/en\/\"},{\"@type\":\"ListItem\",\"position\":2,\"name\":\"CRAFT\"}]},{\"@type\":\"WebSite\",\"@id\":\"http:\/\/rolling.rs\/en\/#website\",\"url\":\"http:\/\/rolling.rs\/en\/\",\"name\":\"Kotrljajuci lezajevi-Rolling World\",\"description\":\"Lezajevi Timken\",\"potentialAction\":[{\"@type\":\"SearchAction\",\"target\":{\"@type\":\"EntryPoint\",\"urlTemplate\":\"http:\/\/rolling.rs\/en\/?s={search_term_string}\"},\"query-input\":{\"@type\":\"PropertyValueSpecification\",\"valueRequired\":true,\"valueName\":\"search_term_string\"}}],\"inLanguage\":\"de\"}]}<\/script>\n<!-- \/ Yoast SEO plugin. -->","yoast_head_json":{"title":"CRAFT - Kotrljajuci lezajevi-Rolling World","robots":{"index":"index","follow":"follow","max-snippet":"max-snippet:-1","max-image-preview":"max-image-preview:large","max-video-preview":"max-video-preview:-1"},"canonical":"https:\/\/rolling.rs\/en\/craft\/","og_locale":"de_DE","og_type":"article","og_title":"CRAFT - Kotrljajuci lezajevi-Rolling World","og_description":"[vc_row][vc_column][vc_empty_space height=&#8220;72px&#8220;][\/vc_column][\/vc_row][vc_row][vc_column][vc_single_image image=&#8220;2003&#8243; img_size=&#8220;250&#215;96&#8243; alignment=&#8220;center&#8220; onclick=&#8220;custom_link&#8220; img_link_target=&#8220;_blank&#8220; link=&#8220;https:\/\/www.craft-bearings.com\/&#8220;][vc_separator][\/vc_column][\/vc_row][vc_row][vc_column width=&#8220;2\/3&#8243;][vc_column_text]Proizvo\u0111a\u010d CRAFT Bearings lociran je u Litvaniji, a svoje proizvodne kapacitete posedujeu Kini, Indiji, Rusiji, Kazahstanu, Uzbekistanu i drugim CIS zemljama.Uspe\u0161no posluju u preko 80 zemalja \u0161irom sveta.Imaju jedan od najve\u0107ih skladi\u0161ta u Evropi i razvijen sistem skladi\u0161ta po kontinentima.Preko 10.000.000 le\u017eajeva u centralnom magacinu koji se [&hellip;]","og_url":"https:\/\/rolling.rs\/en\/craft\/","og_site_name":"Kotrljajuci lezajevi-Rolling World","article_modified_time":"2019-07-18T12:23:35+00:00","twitter_card":"summary_large_image","twitter_misc":{"Gesch\u00e4tzte Lesezeit":"2\u00a0Minuten"},"schema":{"@context":"https:\/\/schema.org","@graph":[{"@type":"WebPage","@id":"https:\/\/rolling.rs\/en\/craft\/","url":"https:\/\/rolling.rs\/en\/craft\/","name":"CRAFT - Kotrljajuci lezajevi-Rolling World","isPartOf":{"@id":"http:\/\/rolling.rs\/en\/#website"},"datePublished":"2019-05-08T14:58:51+00:00","dateModified":"2019-07-18T12:23:35+00:00","breadcrumb":{"@id":"https:\/\/rolling.rs\/en\/craft\/#breadcrumb"},"inLanguage":"de","potentialAction":[{"@type":"ReadAction","target":["https:\/\/rolling.rs\/en\/craft\/"]}]},{"@type":"BreadcrumbList","@id":"https:\/\/rolling.rs\/en\/craft\/#breadcrumb","itemListElement":[{"@type":"ListItem","position":1,"name":"Home","item":"http:\/\/rolling.rs\/en\/"},{"@type":"ListItem","position":2,"name":"CRAFT"}]},{"@type":"WebSite","@id":"http:\/\/rolling.rs\/en\/#website","url":"http:\/\/rolling.rs\/en\/","name":"Kotrljajuci lezajevi-Rolling World","description":"Lezajevi Timken","potentialAction":[{"@type":"SearchAction","target":{"@type":"EntryPoint","urlTemplate":"http:\/\/rolling.rs\/en\/?s={search_term_string}"},"query-input":{"@type":"PropertyValueSpecification","valueRequired":true,"valueName":"search_term_string"}}],"inLanguage":"de"}]}},"_links":{"self":[{"href":"https:\/\/rolling.rs\/de\/wp-json\/wp\/v2\/pages\/1999","targetHints":{"allow":["GET"]}}],"collection":[{"href":"https:\/\/rolling.rs\/de\/wp-json\/wp\/v2\/pages"}],"about":[{"href":"https:\/\/rolling.rs\/de\/wp-json\/wp\/v2\/types\/page"}],"author":[{"embeddable":true,"href":"https:\/\/rolling.rs\/de\/wp-json\/wp\/v2\/users\/1"}],"replies":[{"embeddable":true,"href":"https:\/\/rolling.rs\/de\/wp-json\/wp\/v2\/comments?post=1999"}],"version-history":[{"count":2,"href":"https:\/\/rolling.rs\/de\/wp-json\/wp\/v2\/pages\/1999\/revisions"}],"predecessor-version":[{"id":2615,"href":"https:\/\/rolling.rs\/de\/wp-json\/wp\/v2\/pages\/1999\/revisions\/2615"}],"wp:attachment":[{"href":"https:\/\/rolling.rs\/de\/wp-json\/wp\/v2\/media?parent=1999"}],"curies":[{"name":"wp","href":"https:\/\/api.w.org\/{rel}","templated":true}]}}