{"id":2001,"date":"2019-05-08T14:56:31","date_gmt":"2019-05-08T14:56:31","guid":{"rendered":"https:\/\/rolling.rs\/?page_id=2001"},"modified":"2020-04-20T12:34:48","modified_gmt":"2020-04-20T12:34:48","slug":"delatnosti","status":"publish","type":"page","link":"https:\/\/rolling.rs\/de\/delatnosti\/","title":{"rendered":"T\u00e4tigkeiten"},"content":{"rendered":"<p>[vc_row][vc_column][vc_empty_space height=&#8220;52px&#8220;][vc_column_text]<\/p>\n<h3>Distribution und Verkauf<\/h3>\n<p>[\/vc_column_text][vc_column_text]Distribution und Verkauf der Produktionsprogramme der Hersteller, derer die Firma Rolling World autorisierter H\u00e4ndler ist, ist die Grundt\u00e4tigkeit des Unternehmens seit der Gr\u00fcndung. Wir heben einige komparative Vorteile unserer Firma im Vergleich mit Konkurenz hervor:<\/p>\n<ul>\n<li>Zentralisiertes Informationssystem der Bearbeitung von Anfragen und Bestellungen<\/li>\n<li>Sofortige Evidenz der Lagerbest\u00e4nde RW und\/oder Verf\u00fcgbarket der Produkte in Zentrallagern der Hersteller<\/li>\n<li>8 Fahrzeuge (4 Zustellfahrzeuge)<\/li>\n<li>St\u00e4ndig erreichbarer Benutzerdienst<\/li>\n<\/ul>\n<p>[\/vc_column_text][vc_single_image image=&#8220;2016&#8243; img_size=&#8220;full&#8220;][vc_column_text]<\/p>\n<h3>Kundendienst und Unterst\u00fctzung<\/h3>\n<p>[\/vc_column_text][vc_column_text]<\/p>\n<ul>\n<li>Information (\u00fcber alle technische Neuigkeiten in Bezug auf Lager)<\/li>\n<li>Personalschulung (betreffend alle Lagerarten, Montage\/Demontage der Lager, Methoden und pr\u00e4diktive Instandhaltung, Fettstoffe und Dichtungen )<\/li>\n<li>Technische Hilfeleistung (in Form von L\u00f6sungen der technischen Fragen, Beratung und Vorschl\u00e4gen zur Umbau und Modernisierung der Anlagen)<\/li>\n<li>Kundendienstleistungen (Montage\/Demontage der Lager, periodische Kontrolle der Lagerfunktion an kritischen Stellen im Produktionsprozess, Mapping des Lagerbedarfs, Planen und Verwaltung der Lagerbest\u00e4nde, Schmierstoffauswahl und Bestimmung der Schmierungsintervale)<\/li>\n<li>Vibrodignostik (Schwingungsdiagnistik) und Thermovision<\/li>\n<\/ul>\n<p>[\/vc_column_text][vc_single_image image=&#8220;2017&#8243; img_size=&#8220;full&#8220;][vc_column_text]<\/p>\n<h3>RWLab Labor f\u00fcr Schwingungsdiagnostik<\/h3>\n<p>[\/vc_column_text][vc_column_text]<\/p>\n<ul>\n<li>Das einzige Labor mit der sertifizierten Methode der Messung von Schwingungsspektrum der Ausr\u00fcstung<\/li>\n<li>T\u00e4tigkeiten: Vibro(Schwingungs-)diagnostik, Thermovision, \u00d6lanalyse, dynamisches Auswuchten, Lasereinstellung der Achsgeometrie und des Paralellaufs<\/li>\n<li>\u00dcberwachung des Ausr\u00fcstungzustandes und Berichterstattung<\/li>\n<\/ul>\n<p>[\/vc_column_text][vc_column_text]<\/p>\n<h2>Merenje i analiza spektra vibracija o\u0161te\u0107enog le\u017eaja<\/h2>\n<p>[\/vc_column_text][vc_single_image image=&#8220;2018&#8243; img_size=&#8220;full&#8220;][\/vc_column][\/vc_row]<\/p>\n","protected":false},"excerpt":{"rendered":"<p>[vc_row][vc_column][vc_empty_space height=&#8220;52px&#8220;][vc_column_text] Distribution und Verkauf [\/vc_column_text][vc_column_text]Distribution und Verkauf der Produktionsprogramme der Hersteller, derer die Firma Rolling World autorisierter H\u00e4ndler ist, ist die Grundt\u00e4tigkeit des Unternehmens seit der Gr\u00fcndung. Wir heben einige komparative Vorteile unserer Firma im Vergleich mit Konkurenz hervor: Zentralisiertes Informationssystem der Bearbeitung von Anfragen und Bestellungen Sofortige Evidenz der Lagerbest\u00e4nde RW und\/oder Verf\u00fcgbarket [&hellip;]<\/p>\n","protected":false},"author":1,"featured_media":0,"parent":0,"menu_order":0,"comment_status":"closed","ping_status":"closed","template":"page-template\/blank-page-sidebar.php","meta":{"footnotes":""},"class_list":["post-2001","page","type-page","status-publish","hentry"],"yoast_head":"<!-- This site is optimized with the Yoast SEO plugin v25.8 - https:\/\/yoast.com\/wordpress\/plugins\/seo\/ -->\n<title>T\u00e4tigkeiten - Kotrljajuci lezajevi-Rolling World<\/title>\n<meta name=\"robots\" content=\"index, follow, max-snippet:-1, max-image-preview:large, max-video-preview:-1\" \/>\n<link rel=\"canonical\" href=\"http:\/\/rolling.rs\/delatnosti\/\" \/>\n<meta property=\"og:locale\" content=\"de_DE\" \/>\n<meta property=\"og:type\" content=\"article\" \/>\n<meta property=\"og:title\" content=\"T\u00e4tigkeiten - Kotrljajuci lezajevi-Rolling World\" \/>\n<meta property=\"og:description\" content=\"[vc_row][vc_column][vc_empty_space height=&#8220;52px&#8220;][vc_column_text] Distribution und Verkauf [\/vc_column_text][vc_column_text]Distribution und Verkauf der Produktionsprogramme der Hersteller, derer die Firma Rolling World autorisierter H\u00e4ndler ist, ist die Grundt\u00e4tigkeit des Unternehmens seit der Gr\u00fcndung. Wir heben einige komparative Vorteile unserer Firma im Vergleich mit Konkurenz hervor: Zentralisiertes Informationssystem der Bearbeitung von Anfragen und Bestellungen Sofortige Evidenz der Lagerbest\u00e4nde RW und\/oder Verf\u00fcgbarket [&hellip;]\" \/>\n<meta property=\"og:url\" content=\"http:\/\/rolling.rs\/delatnosti\/\" \/>\n<meta property=\"og:site_name\" content=\"Kotrljajuci lezajevi-Rolling World\" \/>\n<meta property=\"article:modified_time\" content=\"2020-04-20T12:34:48+00:00\" \/>\n<meta name=\"twitter:card\" content=\"summary_large_image\" \/>\n<meta name=\"twitter:label1\" content=\"Gesch\u00e4tzte Lesezeit\" \/>\n\t<meta name=\"twitter:data1\" content=\"1\u00a0Minute\" \/>\n<script type=\"application\/ld+json\" class=\"yoast-schema-graph\">{\"@context\":\"https:\/\/schema.org\",\"@graph\":[{\"@type\":\"WebPage\",\"@id\":\"http:\/\/rolling.rs\/delatnosti\/\",\"url\":\"http:\/\/rolling.rs\/delatnosti\/\",\"name\":\"T\u00e4tigkeiten - Kotrljajuci lezajevi-Rolling World\",\"isPartOf\":{\"@id\":\"http:\/\/rolling.rs\/en\/#website\"},\"datePublished\":\"2019-05-08T14:56:31+00:00\",\"dateModified\":\"2020-04-20T12:34:48+00:00\",\"breadcrumb\":{\"@id\":\"http:\/\/rolling.rs\/delatnosti\/#breadcrumb\"},\"inLanguage\":\"de\",\"potentialAction\":[{\"@type\":\"ReadAction\",\"target\":[\"http:\/\/rolling.rs\/delatnosti\/\"]}]},{\"@type\":\"BreadcrumbList\",\"@id\":\"http:\/\/rolling.rs\/delatnosti\/#breadcrumb\",\"itemListElement\":[{\"@type\":\"ListItem\",\"position\":1,\"name\":\"Home\",\"item\":\"http:\/\/rolling.rs\/en\/\"},{\"@type\":\"ListItem\",\"position\":2,\"name\":\"Delatnosti\"}]},{\"@type\":\"WebSite\",\"@id\":\"http:\/\/rolling.rs\/en\/#website\",\"url\":\"http:\/\/rolling.rs\/en\/\",\"name\":\"Kotrljajuci lezajevi-Rolling World\",\"description\":\"Lezajevi Timken\",\"potentialAction\":[{\"@type\":\"SearchAction\",\"target\":{\"@type\":\"EntryPoint\",\"urlTemplate\":\"http:\/\/rolling.rs\/en\/?s={search_term_string}\"},\"query-input\":{\"@type\":\"PropertyValueSpecification\",\"valueRequired\":true,\"valueName\":\"search_term_string\"}}],\"inLanguage\":\"de\"}]}<\/script>\n<!-- \/ Yoast SEO plugin. -->","yoast_head_json":{"title":"T\u00e4tigkeiten - Kotrljajuci lezajevi-Rolling World","robots":{"index":"index","follow":"follow","max-snippet":"max-snippet:-1","max-image-preview":"max-image-preview:large","max-video-preview":"max-video-preview:-1"},"canonical":"http:\/\/rolling.rs\/delatnosti\/","og_locale":"de_DE","og_type":"article","og_title":"T\u00e4tigkeiten - Kotrljajuci lezajevi-Rolling World","og_description":"[vc_row][vc_column][vc_empty_space height=&#8220;52px&#8220;][vc_column_text] Distribution und Verkauf [\/vc_column_text][vc_column_text]Distribution und Verkauf der Produktionsprogramme der Hersteller, derer die Firma Rolling World autorisierter H\u00e4ndler ist, ist die Grundt\u00e4tigkeit des Unternehmens seit der Gr\u00fcndung. Wir heben einige komparative Vorteile unserer Firma im Vergleich mit Konkurenz hervor: Zentralisiertes Informationssystem der Bearbeitung von Anfragen und Bestellungen Sofortige Evidenz der Lagerbest\u00e4nde RW und\/oder Verf\u00fcgbarket [&hellip;]","og_url":"http:\/\/rolling.rs\/delatnosti\/","og_site_name":"Kotrljajuci lezajevi-Rolling World","article_modified_time":"2020-04-20T12:34:48+00:00","twitter_card":"summary_large_image","twitter_misc":{"Gesch\u00e4tzte Lesezeit":"1\u00a0Minute"},"schema":{"@context":"https:\/\/schema.org","@graph":[{"@type":"WebPage","@id":"http:\/\/rolling.rs\/delatnosti\/","url":"http:\/\/rolling.rs\/delatnosti\/","name":"T\u00e4tigkeiten - Kotrljajuci lezajevi-Rolling World","isPartOf":{"@id":"http:\/\/rolling.rs\/en\/#website"},"datePublished":"2019-05-08T14:56:31+00:00","dateModified":"2020-04-20T12:34:48+00:00","breadcrumb":{"@id":"http:\/\/rolling.rs\/delatnosti\/#breadcrumb"},"inLanguage":"de","potentialAction":[{"@type":"ReadAction","target":["http:\/\/rolling.rs\/delatnosti\/"]}]},{"@type":"BreadcrumbList","@id":"http:\/\/rolling.rs\/delatnosti\/#breadcrumb","itemListElement":[{"@type":"ListItem","position":1,"name":"Home","item":"http:\/\/rolling.rs\/en\/"},{"@type":"ListItem","position":2,"name":"Delatnosti"}]},{"@type":"WebSite","@id":"http:\/\/rolling.rs\/en\/#website","url":"http:\/\/rolling.rs\/en\/","name":"Kotrljajuci lezajevi-Rolling World","description":"Lezajevi Timken","potentialAction":[{"@type":"SearchAction","target":{"@type":"EntryPoint","urlTemplate":"http:\/\/rolling.rs\/en\/?s={search_term_string}"},"query-input":{"@type":"PropertyValueSpecification","valueRequired":true,"valueName":"search_term_string"}}],"inLanguage":"de"}]}},"_links":{"self":[{"href":"https:\/\/rolling.rs\/de\/wp-json\/wp\/v2\/pages\/2001","targetHints":{"allow":["GET"]}}],"collection":[{"href":"https:\/\/rolling.rs\/de\/wp-json\/wp\/v2\/pages"}],"about":[{"href":"https:\/\/rolling.rs\/de\/wp-json\/wp\/v2\/types\/page"}],"author":[{"embeddable":true,"href":"https:\/\/rolling.rs\/de\/wp-json\/wp\/v2\/users\/1"}],"replies":[{"embeddable":true,"href":"https:\/\/rolling.rs\/de\/wp-json\/wp\/v2\/comments?post=2001"}],"version-history":[{"count":8,"href":"https:\/\/rolling.rs\/de\/wp-json\/wp\/v2\/pages\/2001\/revisions"}],"predecessor-version":[{"id":2652,"href":"https:\/\/rolling.rs\/de\/wp-json\/wp\/v2\/pages\/2001\/revisions\/2652"}],"wp:attachment":[{"href":"https:\/\/rolling.rs\/de\/wp-json\/wp\/v2\/media?parent=2001"}],"curies":[{"name":"wp","href":"https:\/\/api.w.org\/{rel}","templated":true}]}}