{"id":2661,"date":"2020-04-20T13:25:03","date_gmt":"2020-04-20T13:25:03","guid":{"rendered":"https:\/\/rolling.rs\/?page_id=2661"},"modified":"2020-04-20T13:57:58","modified_gmt":"2020-04-20T13:57:58","slug":"belzona-3","status":"publish","type":"page","link":"https:\/\/rolling.rs\/de\/belzona-3\/","title":{"rendered":"Belzona"},"content":{"rendered":"<p>[vc_row][vc_column][vc_empty_space][vc_single_image image=&#8220;2663&#8243; img_size=&#8220;full&#8220; alignment=&#8220;center&#8220;][vc_empty_space][vc_separator][\/vc_column][\/vc_row][vc_row][vc_column width=&#8220;1\/2&#8243;][vc_column_text]<strong>Ko smo mi:<\/strong><\/p>\n<p>U BELZONI, kombinacija na\u0161eg najsavremenijih istra\u017eivanja i razvoja omoguc\u0301ava nam razvijanje najnovijih polimernih sistema.<\/p>\n<p>Pored iskustva na\u0161ih ljudi bez premca, mo\u017eemo da odgovorimo na sve promenljive i izazovne zahteve industrije.<\/p>\n<p>Posvec\u0301eni smo pru\u017eanju re\u0161enja, tehni\u010dke podr\u0161ke i pomoc\u0301i na licu mesta prilago\u0111enih specifi\u010dnim potrebama svakog klijenta.<\/p>\n<p>Dostupana kroz svetsku distributivnu mre\u017eu, podr\u017ean od strane na\u0161ih sedi\u0161ta u Velikoj Britaniji, SAD, Kanadi i Tajlandu na\u0161a projektovana re\u0161enja dolaze sa me\u0111unarodnim akreditacijama i dokazanim rezultatima u performansama.<\/p>\n<p>Belzona pru\u017ea usluge popravke i obnove, inspekcije premaza i obuke za primjenu na lokalnom nivou.<\/p>\n<p>Sve ovo je sa jednim ciljem: \u017delimo da osiguramo da na\u0161i klijenti imaju najbolje materijale za za\u0161titu svojih postrojenja i opreme na du\u017ei rok, \u010dime se smanjuju zastoji i smanjuju tro\u0161kovi odr\u017eavanja.[\/vc_column_text][\/vc_column][vc_column width=&#8220;1\/2&#8243;][vc_column_text]<strong>\u0160ta mi radimo:<\/strong><\/p>\n<p>Specijalizovani smo za projektovanje i proizvodnju repromaterijala i za\u0161titnih premaza za ma\u0161ine, opremu, zgrade i objekte.<\/p>\n<p>Belzona nudi re\u0161enja za \u0161irok spektar in\u017eenjerskih problema i usluga reparacija.<\/p>\n<p>Od punog sistema \u201cklju\u010d u ruke\u201d do jednostavnih popravki na licu mesta, na\u0161i inovativni materijali pru\u017eaju odgovor na mnoga industrijska pitanja, uklju\u010dujuc\u0301i eroziju, koroziju, hemijske napade, abraziju i habanje, vodu i vremenske uslove.<\/p>\n<p>Jednostavna, sigurna i efikasna re\u0161enja omoguc\u0301avaju nam da pru\u017eamo podr\u0161ku na zahtevnim projektima obezbe\u0111ujuc\u0301i pogodnosti koje se retko nalaze na drugim mestima, uklju\u010dujuc\u0301i minimizirane zastoja, smanjene rizika po zdravlje i bezbednost kao i jednostavne tehnike primene.<\/p>\n<p>Specifikacija Belzone obezbe\u0111uje izuzetan standard popravke i za\u0161tite, koja je izgra\u0111ena na vi\u0161e od \u0161est decenija iskustva i znanja.<\/p>\n<p>Da biste otkrili proizvode BELZONE u industrijama koje opslu\u017eujemo, ili specifi\u010dne detalje na aplikacijama, kontaktirajte na\u0161eg distributera.[\/vc_column_text][\/vc_column][\/vc_row][vc_row][vc_column][vc_separator][\/vc_column][\/vc_row][vc_row][vc_column width=&#8220;1\/2&#8243;][vc_column_text]<img loading=\"lazy\" decoding=\"async\" class=\"aligncenter wp-image-2668 size-full\" src=\"https:\/\/rolling.rs\/wp-content\/uploads\/2020\/04\/Belzona-240x300.jpg\" alt=\"\" width=\"240\" height=\"300\" \/>[\/vc_column_text][\/vc_column][vc_column width=&#8220;1\/2&#8243;][vc_empty_space][vc_column_text]U januaru 2010, Belzona je pokazala izvanredne performanse sa Belzona 1251 (HA Metal) tako \u0161to je oka\u010den da visi Mercedes SL500 AMG iznad mercedesa S320 LCDI.<\/p>\n<p>Materijal je nane\u0161en na vezni element precnika samo 75 mm i o\u010dvrsnuo je odmah neposredno pre podizanja.<\/p>\n<p>Sa Mercedesom koji je te\u017eio vi\u0161e od 2,2 tone i minimalnom koli\u010dinom athezivnog materijala pokazano je, da je Belzona 1251 (HA Metal) u stanju da nosi vi\u0161e od 1,8 miliona puta sopstvene te\u017eine.[\/vc_column_text][\/vc_column][\/vc_row][vc_row][vc_column][vc_separator][vc_column_text]<\/p>\n<h4 style=\"text-align: center;\">BELZONA KOMPOZITNI MATERIJALI ZA POPRAVKE I ZA\u0160TITU PREDNOSTI<\/h4>\n<p>[\/vc_column_text][\/vc_column][\/vc_row][vc_row][vc_column width=&#8220;1\/2&#8243;][vc_empty_space][vc_single_image image=&#8220;2671&#8243; img_size=&#8220;full&#8220; alignment=&#8220;center&#8220;][\/vc_column][vc_column width=&#8220;1\/2&#8243;][vc_column_text]<\/p>\n<div class=\"wpb_text_column wpb_content_element \">\n<div class=\"wpb_wrapper\">\n<p><strong>U\u0161teda vremena i novca<\/strong><\/p>\n<p><strong>Smanjenje tro\u0161kova odr\u017eavanja<\/strong><\/p>\n<p><strong>Kra\u0107i remont<\/strong><\/p>\n<p><strong>Pove\u0107anje efikasnosti<\/strong><\/p>\n<p><strong>Hitne popravke<\/strong><\/p>\n<p><strong>Kvalitetnija za\u0161tita<\/strong><\/p>\n<p><strong>Pobolj\u0161anje kvaliteta odr\u017eavanja<\/strong><\/p>\n<\/div>\n<\/div>\n<p>[\/vc_column_text][\/vc_column][\/vc_row][vc_row][vc_column][vc_separator][vc_column_text]<\/p>\n<h4 style=\"text-align: center;\">SERTIFIKATI<\/h4>\n<p>[\/vc_column_text][vc_single_image image=&#8220;2672&#8243; img_size=&#8220;full&#8220; alignment=&#8220;center&#8220;][vc_column_text]<\/p>\n<p style=\"text-align: center;\">Det Norske Veritas, Bureau Veritas \/ Germanischer Lloyd, ABS American Bureau of Shipping,<br \/>\nBritish Standards Institute, Drinking Water Inspectorate, Water Regulations Advisory Scheme (WRAS),<br \/>\nUSDA Food Safety and Inspection Service, NATO\u2026<\/p>\n<p>[\/vc_column_text][\/vc_column][\/vc_row][vc_row][vc_column][vc_separator][\/vc_column][\/vc_row][vc_row][vc_column width=&#8220;1\/2&#8243;][vc_column_text]<\/p>\n<p style=\"text-align: center;\"><strong>PRE UPOTREBE BELZONE<\/strong><\/p>\n<p>[\/vc_column_text][vc_single_image image=&#8220;2676&#8243; img_size=&#8220;large&#8220;][vc_column_text]<\/p>\n<p style=\"text-align: center;\"><strong>PRE UPOTREBE BELZONE<\/strong><\/p>\n<p>[\/vc_column_text][vc_single_image image=&#8220;2678&#8243; img_size=&#8220;large&#8220;][vc_column_text]<\/p>\n<p style=\"text-align: center;\"><strong>PRE UPOTREBE BELZONE<\/strong><\/p>\n<p>[\/vc_column_text][vc_single_image image=&#8220;2680&#8243; img_size=&#8220;large&#8220;][\/vc_column][vc_column width=&#8220;1\/2&#8243;][vc_column_text]<\/p>\n<p style=\"text-align: center;\"><strong>POSLE UPOTREBE BELZONE<\/strong><\/p>\n<p>[\/vc_column_text][vc_single_image image=&#8220;2677&#8243; img_size=&#8220;large&#8220;][vc_column_text]<\/p>\n<p style=\"text-align: center;\"><strong>POSLE UPOTREBE BELZONE<\/strong><\/p>\n<p>[\/vc_column_text][vc_single_image image=&#8220;2679&#8243; img_size=&#8220;large&#8220;][vc_column_text]<\/p>\n<p style=\"text-align: center;\"><strong>POSLE UPOTREBE BELZONE<\/strong><\/p>\n<p>[\/vc_column_text][vc_single_image image=&#8220;2681&#8243; img_size=&#8220;large&#8220;][\/vc_column][\/vc_row][vc_row][vc_column][vc_separator][\/vc_column][\/vc_row][vc_row][vc_column][vc_column_text]<\/p>\n<p style=\"text-align: center;\">Vi\u0161e informacija o Belzona kompozitnim materijalima na <a href=\"https:\/\/belzona-srbija.rs\/\" target=\"_blank\" rel=\"noopener noreferrer\" data-saferedirecturl=\"https:\/\/www.google.com\/url?q=https:\/\/belzona-srbija.rs\/&amp;source=gmail&amp;ust=1587471553152000&amp;usg=AFQjCNHaT5K5fB4llVWtYY-4sUNLphKVFg\">BELZONA-SRBIJA<\/a><\/p>\n<p>[\/vc_column_text][\/vc_column][\/vc_row][vc_row][vc_column][vc_separator][\/vc_column][\/vc_row]<\/p>\n","protected":false},"excerpt":{"rendered":"<p>[vc_row][vc_column][vc_empty_space][vc_single_image image=&#8220;2663&#8243; img_size=&#8220;full&#8220; alignment=&#8220;center&#8220;][vc_empty_space][vc_separator][\/vc_column][\/vc_row][vc_row][vc_column width=&#8220;1\/2&#8243;][vc_column_text]Ko smo mi: U BELZONI, kombinacija na\u0161eg najsavremenijih istra\u017eivanja i razvoja omoguc\u0301ava nam razvijanje najnovijih polimernih sistema. Pored iskustva na\u0161ih ljudi bez premca, mo\u017eemo da odgovorimo na sve promenljive i izazovne zahteve industrije. Posvec\u0301eni smo pru\u017eanju re\u0161enja, tehni\u010dke podr\u0161ke i pomoc\u0301i na licu mesta prilago\u0111enih specifi\u010dnim potrebama svakog klijenta. Dostupana kroz [&hellip;]<\/p>\n","protected":false},"author":1,"featured_media":0,"parent":0,"menu_order":0,"comment_status":"closed","ping_status":"closed","template":"page-template\/blank-page-sidebar.php","meta":{"footnotes":""},"class_list":["post-2661","page","type-page","status-publish","hentry"],"yoast_head":"<!-- This site is optimized with the Yoast SEO plugin v25.8 - https:\/\/yoast.com\/wordpress\/plugins\/seo\/ -->\n<title>Belzona - Kotrljajuci lezajevi-Rolling World<\/title>\n<meta name=\"robots\" content=\"index, follow, max-snippet:-1, max-image-preview:large, max-video-preview:-1\" \/>\n<link rel=\"canonical\" href=\"https:\/\/rolling.rs\/en\/belzona-3\/\" \/>\n<meta property=\"og:locale\" content=\"de_DE\" \/>\n<meta property=\"og:type\" content=\"article\" \/>\n<meta property=\"og:title\" content=\"Belzona - Kotrljajuci lezajevi-Rolling World\" \/>\n<meta property=\"og:description\" content=\"[vc_row][vc_column][vc_empty_space][vc_single_image image=&#8220;2663&#8243; img_size=&#8220;full&#8220; alignment=&#8220;center&#8220;][vc_empty_space][vc_separator][\/vc_column][\/vc_row][vc_row][vc_column width=&#8220;1\/2&#8243;][vc_column_text]Ko smo mi: U BELZONI, kombinacija na\u0161eg najsavremenijih istra\u017eivanja i razvoja omoguc\u0301ava nam razvijanje najnovijih polimernih sistema. Pored iskustva na\u0161ih ljudi bez premca, mo\u017eemo da odgovorimo na sve promenljive i izazovne zahteve industrije. Posvec\u0301eni smo pru\u017eanju re\u0161enja, tehni\u010dke podr\u0161ke i pomoc\u0301i na licu mesta prilago\u0111enih specifi\u010dnim potrebama svakog klijenta. Dostupana kroz [&hellip;]\" \/>\n<meta property=\"og:url\" content=\"https:\/\/rolling.rs\/en\/belzona-3\/\" \/>\n<meta property=\"og:site_name\" content=\"Kotrljajuci lezajevi-Rolling World\" \/>\n<meta property=\"article:modified_time\" content=\"2020-04-20T13:57:58+00:00\" \/>\n<meta property=\"og:image\" content=\"https:\/\/rolling.rs\/wp-content\/uploads\/2020\/04\/Belzona-240x300.jpg\" \/>\n<meta name=\"twitter:card\" content=\"summary_large_image\" \/>\n<meta name=\"twitter:label1\" content=\"Gesch\u00e4tzte Lesezeit\" \/>\n\t<meta name=\"twitter:data1\" content=\"4\u00a0Minuten\" \/>\n<script type=\"application\/ld+json\" class=\"yoast-schema-graph\">{\"@context\":\"https:\/\/schema.org\",\"@graph\":[{\"@type\":\"WebPage\",\"@id\":\"https:\/\/rolling.rs\/en\/belzona-3\/\",\"url\":\"https:\/\/rolling.rs\/en\/belzona-3\/\",\"name\":\"Belzona - Kotrljajuci lezajevi-Rolling World\",\"isPartOf\":{\"@id\":\"http:\/\/rolling.rs\/en\/#website\"},\"primaryImageOfPage\":{\"@id\":\"https:\/\/rolling.rs\/en\/belzona-3\/#primaryimage\"},\"image\":{\"@id\":\"https:\/\/rolling.rs\/en\/belzona-3\/#primaryimage\"},\"thumbnailUrl\":\"https:\/\/rolling.rs\/wp-content\/uploads\/2020\/04\/Belzona-240x300.jpg\",\"datePublished\":\"2020-04-20T13:25:03+00:00\",\"dateModified\":\"2020-04-20T13:57:58+00:00\",\"breadcrumb\":{\"@id\":\"https:\/\/rolling.rs\/en\/belzona-3\/#breadcrumb\"},\"inLanguage\":\"de\",\"potentialAction\":[{\"@type\":\"ReadAction\",\"target\":[\"https:\/\/rolling.rs\/en\/belzona-3\/\"]}]},{\"@type\":\"ImageObject\",\"inLanguage\":\"de\",\"@id\":\"https:\/\/rolling.rs\/en\/belzona-3\/#primaryimage\",\"url\":\"https:\/\/rolling.rs\/wp-content\/uploads\/2020\/04\/Belzona-240x300.jpg\",\"contentUrl\":\"https:\/\/rolling.rs\/wp-content\/uploads\/2020\/04\/Belzona-240x300.jpg\"},{\"@type\":\"BreadcrumbList\",\"@id\":\"https:\/\/rolling.rs\/en\/belzona-3\/#breadcrumb\",\"itemListElement\":[{\"@type\":\"ListItem\",\"position\":1,\"name\":\"Home\",\"item\":\"http:\/\/rolling.rs\/en\/\"},{\"@type\":\"ListItem\",\"position\":2,\"name\":\"Belzona\"}]},{\"@type\":\"WebSite\",\"@id\":\"http:\/\/rolling.rs\/en\/#website\",\"url\":\"http:\/\/rolling.rs\/en\/\",\"name\":\"Kotrljajuci lezajevi-Rolling World\",\"description\":\"Lezajevi Timken\",\"potentialAction\":[{\"@type\":\"SearchAction\",\"target\":{\"@type\":\"EntryPoint\",\"urlTemplate\":\"http:\/\/rolling.rs\/en\/?s={search_term_string}\"},\"query-input\":{\"@type\":\"PropertyValueSpecification\",\"valueRequired\":true,\"valueName\":\"search_term_string\"}}],\"inLanguage\":\"de\"}]}<\/script>\n<!-- \/ Yoast SEO plugin. -->","yoast_head_json":{"title":"Belzona - Kotrljajuci lezajevi-Rolling World","robots":{"index":"index","follow":"follow","max-snippet":"max-snippet:-1","max-image-preview":"max-image-preview:large","max-video-preview":"max-video-preview:-1"},"canonical":"https:\/\/rolling.rs\/en\/belzona-3\/","og_locale":"de_DE","og_type":"article","og_title":"Belzona - Kotrljajuci lezajevi-Rolling World","og_description":"[vc_row][vc_column][vc_empty_space][vc_single_image image=&#8220;2663&#8243; img_size=&#8220;full&#8220; alignment=&#8220;center&#8220;][vc_empty_space][vc_separator][\/vc_column][\/vc_row][vc_row][vc_column width=&#8220;1\/2&#8243;][vc_column_text]Ko smo mi: U BELZONI, kombinacija na\u0161eg najsavremenijih istra\u017eivanja i razvoja omoguc\u0301ava nam razvijanje najnovijih polimernih sistema. Pored iskustva na\u0161ih ljudi bez premca, mo\u017eemo da odgovorimo na sve promenljive i izazovne zahteve industrije. Posvec\u0301eni smo pru\u017eanju re\u0161enja, tehni\u010dke podr\u0161ke i pomoc\u0301i na licu mesta prilago\u0111enih specifi\u010dnim potrebama svakog klijenta. Dostupana kroz [&hellip;]","og_url":"https:\/\/rolling.rs\/en\/belzona-3\/","og_site_name":"Kotrljajuci lezajevi-Rolling World","article_modified_time":"2020-04-20T13:57:58+00:00","og_image":[{"url":"https:\/\/rolling.rs\/wp-content\/uploads\/2020\/04\/Belzona-240x300.jpg","type":"","width":"","height":""}],"twitter_card":"summary_large_image","twitter_misc":{"Gesch\u00e4tzte Lesezeit":"4\u00a0Minuten"},"schema":{"@context":"https:\/\/schema.org","@graph":[{"@type":"WebPage","@id":"https:\/\/rolling.rs\/en\/belzona-3\/","url":"https:\/\/rolling.rs\/en\/belzona-3\/","name":"Belzona - Kotrljajuci lezajevi-Rolling World","isPartOf":{"@id":"http:\/\/rolling.rs\/en\/#website"},"primaryImageOfPage":{"@id":"https:\/\/rolling.rs\/en\/belzona-3\/#primaryimage"},"image":{"@id":"https:\/\/rolling.rs\/en\/belzona-3\/#primaryimage"},"thumbnailUrl":"https:\/\/rolling.rs\/wp-content\/uploads\/2020\/04\/Belzona-240x300.jpg","datePublished":"2020-04-20T13:25:03+00:00","dateModified":"2020-04-20T13:57:58+00:00","breadcrumb":{"@id":"https:\/\/rolling.rs\/en\/belzona-3\/#breadcrumb"},"inLanguage":"de","potentialAction":[{"@type":"ReadAction","target":["https:\/\/rolling.rs\/en\/belzona-3\/"]}]},{"@type":"ImageObject","inLanguage":"de","@id":"https:\/\/rolling.rs\/en\/belzona-3\/#primaryimage","url":"https:\/\/rolling.rs\/wp-content\/uploads\/2020\/04\/Belzona-240x300.jpg","contentUrl":"https:\/\/rolling.rs\/wp-content\/uploads\/2020\/04\/Belzona-240x300.jpg"},{"@type":"BreadcrumbList","@id":"https:\/\/rolling.rs\/en\/belzona-3\/#breadcrumb","itemListElement":[{"@type":"ListItem","position":1,"name":"Home","item":"http:\/\/rolling.rs\/en\/"},{"@type":"ListItem","position":2,"name":"Belzona"}]},{"@type":"WebSite","@id":"http:\/\/rolling.rs\/en\/#website","url":"http:\/\/rolling.rs\/en\/","name":"Kotrljajuci lezajevi-Rolling World","description":"Lezajevi Timken","potentialAction":[{"@type":"SearchAction","target":{"@type":"EntryPoint","urlTemplate":"http:\/\/rolling.rs\/en\/?s={search_term_string}"},"query-input":{"@type":"PropertyValueSpecification","valueRequired":true,"valueName":"search_term_string"}}],"inLanguage":"de"}]}},"_links":{"self":[{"href":"https:\/\/rolling.rs\/de\/wp-json\/wp\/v2\/pages\/2661","targetHints":{"allow":["GET"]}}],"collection":[{"href":"https:\/\/rolling.rs\/de\/wp-json\/wp\/v2\/pages"}],"about":[{"href":"https:\/\/rolling.rs\/de\/wp-json\/wp\/v2\/types\/page"}],"author":[{"embeddable":true,"href":"https:\/\/rolling.rs\/de\/wp-json\/wp\/v2\/users\/1"}],"replies":[{"embeddable":true,"href":"https:\/\/rolling.rs\/de\/wp-json\/wp\/v2\/comments?post=2661"}],"version-history":[{"count":13,"href":"https:\/\/rolling.rs\/de\/wp-json\/wp\/v2\/pages\/2661\/revisions"}],"predecessor-version":[{"id":2685,"href":"https:\/\/rolling.rs\/de\/wp-json\/wp\/v2\/pages\/2661\/revisions\/2685"}],"wp:attachment":[{"href":"https:\/\/rolling.rs\/de\/wp-json\/wp\/v2\/media?parent=2661"}],"curies":[{"name":"wp","href":"https:\/\/api.w.org\/{rel}","templated":true}]}}